{"id":981,"date":"2024-08-02T12:22:29","date_gmt":"2024-08-02T10:22:29","guid":{"rendered":"https:\/\/expedientes.guiaagentedigitalizador.com\/?page_id=981"},"modified":"2024-09-24T10:47:56","modified_gmt":"2024-09-24T08:47:56","slug":"plantilla-presencia-avanzada","status":"publish","type":"page","link":"https:\/\/expedientes.guiaagentedigitalizador.com\/?page_id=981","title":{"rendered":"Plantilla presencia avanzada"},"content":{"rendered":"\n<div id=\"wp-block-themeisle-blocks-advanced-columns-a879ea02\" class=\"wp-block-themeisle-blocks-advanced-columns alignfull has-1-columns has-desktop-equal-layout has-tablet-equal-layout has-mobile-collapsedRows-layout has-vertical-center ticss-c00aadba has-light-bg\"><div class=\"wp-block-themeisle-blocks-advanced-columns-overlay\"><\/div><div class=\"innerblocks-wrap\">\n<div id=\"wp-block-themeisle-blocks-advanced-column-b91fff75\" class=\"wp-block-themeisle-blocks-advanced-column\">\n<h1 class=\"wp-block-heading has-nv-text-dark-bg-color has-text-color has-link-color wp-elements-a48b6dcc92f8ef8132f83612e0e3e312\"><strong>Plantillas y ejemplos para justificaci\u00f3n presencia avanzada<\/strong> del kit digital<\/h1>\n\n\n\n<p class=\"has-nv-text-dark-bg-color has-text-color has-link-color wp-elements-5d4db90a4ebe12c6265826708d3bc84c\">Una recopilaci\u00f3n de plantillas, modelos y ejemplos <strong>validados por la comunidad<\/strong> (y por este tipo tan majo que yo soy) listos para ser reutilizados y salvaros de m\u00e1s de una subsanaci\u00f3n.<\/p>\n<\/div>\n<\/div><\/div>\n\n\n\n<div style=\"height:100px\" aria-hidden=\"true\" class=\"wp-block-spacer\"><\/div>\n\n\n\n<div style=\"height:100px\" aria-hidden=\"true\" class=\"wp-block-spacer\"><\/div>\n\n\n\n<h2 class=\"wp-block-heading has-neve-link-color-color has-text-color has-link-color wp-elements-648bdbe18525ac89bce38bdb3065d82f\">Primera justificaci\u00f3n presencia avanzada<\/h2>\n\n\n\n<h3 class=\"wp-block-heading has-nv-c-1-color has-text-color has-link-color wp-elements-a45f982c349b32e4d3c6164f87737ee4\">\u00a1pr\u00f3ximamente!<\/h3>\n\n\n\n<div style=\"height:100px\" aria-hidden=\"true\" class=\"wp-block-spacer\"><\/div>\n\n\n\n<h2 class=\"wp-block-heading has-neve-link-color-color has-text-color has-link-color wp-elements-0a5cf91a834c465b6d4068be8accb4f1\">Segunda justificaci\u00f3n de presencia avanzada<\/h2>\n\n\n\n<div style=\"height:65px\" aria-hidden=\"true\" class=\"wp-block-spacer\"><\/div>\n\n\n\n<h3 class=\"wp-block-heading has-text-align-left has-neve-link-color-color has-text-color has-link-color wp-elements-aa74d14369518b6d87d0b03a2496ee4d\">Informe mensual de competencia <\/h3>\n\n\n\n<p class=\"has-text-align-left\">Plantilla reutilizable que contiene el informe mensual de competencia, necesario para la segunda justificaci\u00f3n de presencia avanzada del kit digital.<\/p>\n\n\n\n<div id=\"wp-block-themeisle-blocks-tabs-f38c547e\" class=\"wp-block-themeisle-blocks-tabs\"><div class=\"wp-block-themeisle-blocks-tabs__content\">\n<div data-title=\"Prerrequisitos\" class=\"wp-block-themeisle-blocks-tabs-item\"><div class=\"wp-block-themeisle-blocks-tabs-item__header\" tabindex=\"0\">Prerrequisitos<\/div><div class=\"wp-block-themeisle-blocks-tabs-item__content\">\n<p><strong>PRERREQUISITOS<\/strong><\/p>\n\n\n\n<p>Se requiere una <a data-type=\"link\" data-id=\"https:\/\/seranking.com\/?ga=2924510&amp;source=link\" href=\"https:\/\/seranking.com\/?ga=2924510&amp;source=link\">cuenta en seranking para realizar el an\u00e1lisis de la competencia<\/a><\/p>\n<\/div><\/div>\n\n\n\n<div data-title=\"Plantilla descargable\" class=\"wp-block-themeisle-blocks-tabs-item\"><div class=\"wp-block-themeisle-blocks-tabs-item__header\" tabindex=\"0\">Plantilla descargable<\/div><div class=\"wp-block-themeisle-blocks-tabs-item__content\">\n<div class=\"wp-block-woocommerce-memberships-member-content\">\n<p><a href=\"https:\/\/expedientes.guiaagentedigitalizador.com\/mi-cuenta\/downloads\/\" data-type=\"link\" data-id=\"https:\/\/expedientes.guiaagentedigitalizador.com\/mi-cuenta\/downloads\/\">Ir a descargas<\/a><\/p>\n<\/div>\n<\/div><\/div>\n\n\n\n<div data-title=\"Instrucciones\" class=\"wp-block-themeisle-blocks-tabs-item\"><div class=\"wp-block-themeisle-blocks-tabs-item__header\" tabindex=\"0\">Instrucciones<\/div><div class=\"wp-block-themeisle-blocks-tabs-item__content\">\n<p><\/p>\n\n\n\n<p><\/p>\n\n\n\n<p><strong>VARIABLES<\/strong><\/p>\n\n\n\n<p>Sustituir todas las variables, (<strong>aquellas que se encuentran entre corchetes []<\/strong>) por su valor real.<\/p>\n\n\n\n<p class=\"has-nv-dark-bg-color has-text-color has-link-color wp-elements-d1d5d6f4b7ae7d9e5617c8e51013f34c\">[URL BENEFICIARIO] : web objetivo<\/p>\n\n\n\n<p>[PERIODO ANALIZADO]: \u00daltimo trimestre de la prestaci\u00f3n del servicio<\/p>\n\n\n\n<p>[PERIODO PRESTACION]: Indicar el periodo completo de la prestaci\u00f3n del servicio (se a\u00f1ade a la plantilla para dar m\u00e1s informaci\u00f3n a la persona (o ciborg) que revisa el expediente<\/p>\n\n\n\n<p>[NIF BENEFICIARIO]: nif del beneficiario<\/p>\n\n\n\n<p>[BENEFICIARIO]: Raz\u00f3n social del beneficiario<\/p>\n\n\n\n<p>[FECHA DOCUMENTO] : Fecha de redacci\u00f3n de la justificaci\u00f3n (siempre posterior al fin de la prestaci\u00f3n del servicio)<\/p>\n\n\n\n<p>[COMPETIDOR 1]: url de un primer competidor<\/p>\n\n\n\n<p>[COMPETIDOR 2]: url de un segundo competidor<\/p>\n\n\n\n<p><\/p>\n\n\n\n<p>[insertar PALABRA CLAVE] : Sustituir por las palabras clave encontradas por las que compitan tanto los competidores como vuestro beneficiario. Esta parte no es obligatoria, pero a\u00f1ade m\u00e1s literatura a vuestra justificaci\u00f3n<\/p>\n\n\n\n<p><span class=\"highlight\"><mark style=\"background-color:rgba(0, 0, 0, 0)\" class=\"has-inline-color has-neve-link-hover-color-color\">Suponiendo que el periodo a analizar sea del 01\/03\/2024 al 01\/06\/2024)<\/mark><\/span><br>[FECHA FIN-3 MESES: Fecha final, rest\u00e1ndole 3 meses <mark style=\"background-color:rgba(0, 0, 0, 0)\" class=\"has-inline-color has-neve-link-hover-color-color\">01\/03\/2024<\/mark><\/p>\n\n\n\n<p>[FECHA FIN-2 MESES: Fecha final, rest\u00e1ndole 2 meses <mark style=\"background-color:rgba(0, 0, 0, 0)\" class=\"has-inline-color has-neve-link-hover-color-color\">01\/04\/2024<\/mark>.<\/p>\n\n\n\n<p>[FECHA FIN-1 MESES: Fecha final, rest\u00e1ndole 1 mes <mark style=\"background-color:rgba(0, 0, 0, 0)\" class=\"has-inline-color has-neve-link-hover-color-color\">01\/05\/2024<\/mark>.<\/p>\n\n\n\n<p>[FECHA FIN]: Fecha final, <mark style=\"background-color:rgba(0, 0, 0, 0)\" class=\"has-inline-color has-neve-link-hover-color-color\">01\/06\/2024<\/mark>.<\/p>\n\n\n\n<p>[IMAGEN COMPETENCIA POSICION PROMEDIO]: Imagen comparativa de la pesta\u00f1a posici\u00f3n promedio de la secci\u00f3n \u00abmis competidores\u00bb de seranking<strong> durante el rango a analizar<\/strong> <strong>indicado en el t\u00edtulo INFORME MENSUAL<\/strong>. <\/p>\n\n\n\n<p>[IMAGEN COMPETENCIA TRAFICO] :Imagen comparativa de la pesta\u00f1a previsi\u00f3n de tr\u00e1fico de la secci\u00f3n \u00abmis competidores\u00bb de seranking <strong>durante el rango a analizar indicado en el t\u00edtulo INFORME MENSUAL<\/strong> <\/p>\n\n\n\n<p>[IMAGEN COMPETENCIA VISIBILIDAD DE BUSQUEDA]: Imagen comparativa de la pesta\u00f1a visibilidad de b\u00fasqueda de la secci\u00f3n \u00abmis competidores\u00bb de seranking <strong>durante el rango a analizar indicado en el t\u00edtulo INFORME MENSUAL<\/strong> <\/p>\n\n\n\n<p>Usar el ejemplo de la pesta\u00f1a \u00abEjemplo\u00bb para guiaros si os es complejo. En este ejemplo, s\u00f3lo se ha seleccionado un competidor y un tramo para simplificarlo.<\/p>\n<\/div><\/div>\n\n\n\n<div data-title=\"Material de apoyo\" class=\"wp-block-themeisle-blocks-tabs-item\"><div class=\"wp-block-themeisle-blocks-tabs-item__header\" tabindex=\"0\">Material de apoyo<\/div><div class=\"wp-block-themeisle-blocks-tabs-item__content\">\n<ul class=\"wp-block-list\">\n<li>Usad este art\u00edculo del blog sobre <a href=\"https:\/\/antoniofernandez.com\/como-justificar-presencia-avanzada-kit-digital\/\" data-type=\"link\" data-id=\"https:\/\/antoniofernandez.com\/como-justificar-presencia-avanzada-kit-digital\/\">justificar presencia avanzada del kit digital<\/a> como material de apoyo<\/li>\n\n\n\n<li>Crearos una <a href=\"https:\/\/seranking.com\/?ga=2924510&amp;source=link\" data-type=\"link\" data-id=\"https:\/\/seranking.com\/?ga=2924510&amp;source=link\">cuenta demo en seranking para probar primero<\/a> y trastear con la herramienta. Las gu\u00edas est\u00e1n elaboradas teniendo en cuenta que teng\u00e1is una cuenta en seranking con la que obtener datos de vuestro beneficiario y sus competidores.<\/li>\n<\/ul>\n<\/div><\/div>\n\n\n\n<div data-title=\"Historial de versiones\" class=\"wp-block-themeisle-blocks-tabs-item\"><div class=\"wp-block-themeisle-blocks-tabs-item__header\" tabindex=\"0\">Historial de versiones<\/div><div class=\"wp-block-themeisle-blocks-tabs-item__content\">\n<p><\/p>\n\n\n\n<figure class=\"wp-block-table is-style-stripes\"><table><thead><tr><th>Versi\u00f3n<\/th><th>Fecha<\/th><th>Cambios<\/th><\/tr><\/thead><tbody><tr><td>1.0<\/td><td>23\/07\/2024<\/td><td>versi\u00f3n inicial \u00a1YUPIIIi!<\/td><\/tr><tr><td>1.1<\/td><td>24\/07\/2024<\/td><td>Se a\u00f1ade la posici\u00f3n del beneficiario frente a competencia<\/td><\/tr><tr><td><\/td><td><\/td><td><\/td><\/tr><tr><td><\/td><td><\/td><td><\/td><\/tr><tr><td><\/td><td><\/td><td><\/td><\/tr><\/tbody><\/table><\/figure>\n<\/div><\/div>\n\n\n\n<div data-title=\"Ejemplo\" class=\"wp-block-themeisle-blocks-tabs-item\"><div class=\"wp-block-themeisle-blocks-tabs-item__header\" tabindex=\"0\">Ejemplo<\/div><div class=\"wp-block-themeisle-blocks-tabs-item__content\">\n<div class=\"wp-block-woocommerce-memberships-member-content\">\n<p><a href=\"https:\/\/expedientes.guiaagentedigitalizador.com\/mi-cuenta\/downloads\/\" data-type=\"link\" data-id=\"https:\/\/expedientes.guiaagentedigitalizador.com\/mi-cuenta\/downloads\/\">Ir a descargas<\/a><\/p>\n\n\n\n<div data-wp-interactive=\"core\/file\" class=\"wp-block-file\"><object data-wp-bind--hidden=\"!state.hasPdfPreview\" hidden class=\"wp-block-file__embed\" data=\"https:\/\/expedientes.guiaagentedigitalizador.com\/wp-content\/uploads\/2024\/08\/inform-mensual-competencia-plantilla-competencia-seranking-ejemplo.pdf\" type=\"application\/pdf\" style=\"width:100%;height:600px\" aria-label=\"Incrustado de inform-mensual-competencia-plantilla-competencia-seranking -ejemplo.\"><\/object><a id=\"wp-block-file--media-0559ea0f-00a9-41cb-8ab7-e6e50224e08f\" href=\"https:\/\/expedientes.guiaagentedigitalizador.com\/wp-content\/uploads\/2024\/08\/inform-mensual-competencia-plantilla-competencia-seranking-ejemplo.pdf\">inform-mensual-competencia-plantilla-competencia-seranking -ejemplo<\/a><a href=\"https:\/\/expedientes.guiaagentedigitalizador.com\/wp-content\/uploads\/2024\/08\/inform-mensual-competencia-plantilla-competencia-seranking-ejemplo.pdf\" class=\"wp-block-file__button wp-element-button\" download aria-describedby=\"wp-block-file--media-0559ea0f-00a9-41cb-8ab7-e6e50224e08f\">Descarga<\/a><\/div>\n<\/div>\n<\/div><\/div>\n<\/div><\/div>\n\n\n\n<h3 class=\"wp-block-heading has-text-align-left has-neve-link-color-color has-text-color has-link-color wp-elements-da3152de33df793c74a01fa5ab49bf34\">Informes mensuales de seguimiento<\/h3>\n\n\n\n<p class=\"has-text-align-left\">Plantilla reutilizable que contiene los informes mensuales de seguimiento, necesarios para la segunda justificaci\u00f3n de presencia avanzada del kit digital. Estos informes deben contener las acciones seo realizadas y la repercusi\u00f3n de las mismas.<\/p>\n\n\n\n<div id=\"wp-block-themeisle-blocks-tabs-be3d5e5c\" class=\"wp-block-themeisle-blocks-tabs\"><div class=\"wp-block-themeisle-blocks-tabs__content\">\n<div data-title=\"Prerrequisitos\" class=\"wp-block-themeisle-blocks-tabs-item\"><div class=\"wp-block-themeisle-blocks-tabs-item__header\" tabindex=\"0\">Prerrequisitos<\/div><div class=\"wp-block-themeisle-blocks-tabs-item__content\">\n<p><strong>PRERREQUISITOS<\/strong><\/p>\n\n\n\n<p>Se requiere una <a data-type=\"link\" data-id=\"https:\/\/seranking.com\/?ga=2924510&amp;source=link\" href=\"https:\/\/seranking.com\/?ga=2924510&amp;source=link\">cuenta en seranking para realizar el an\u00e1lisis de la competencia<\/a><\/p>\n<\/div><\/div>\n\n\n\n<div data-title=\"Plantilla descargable\" class=\"wp-block-themeisle-blocks-tabs-item\"><div class=\"wp-block-themeisle-blocks-tabs-item__header\" tabindex=\"0\">Plantilla descargable<\/div><div class=\"wp-block-themeisle-blocks-tabs-item__content\">\n<div class=\"wp-block-woocommerce-memberships-member-content\">\n<p><a href=\"https:\/\/expedientes.guiaagentedigitalizador.com\/mi-cuenta\/downloads\/\" data-type=\"link\" data-id=\"https:\/\/expedientes.guiaagentedigitalizador.com\/mi-cuenta\/downloads\/\">Ir a descargas<\/a><\/p>\n<\/div>\n<\/div><\/div>\n\n\n\n<div data-title=\"Instrucciones\" class=\"wp-block-themeisle-blocks-tabs-item\"><div class=\"wp-block-themeisle-blocks-tabs-item__header\" tabindex=\"0\">Instrucciones<\/div><div class=\"wp-block-themeisle-blocks-tabs-item__content\">\n<p><\/p>\n\n\n\n<p><\/p>\n\n\n\n<p><strong>VARIABLES<\/strong><\/p>\n\n\n\n<p>Sustituir todas las variables, (<strong>aquellas que se encuentran entre corchetes []<\/strong>) por su valor real.<\/p>\n\n\n\n<p class=\"has-nv-dark-bg-color has-text-color has-link-color wp-elements-d1d5d6f4b7ae7d9e5617c8e51013f34c\">[URL BENEFICIARIO] : web objetivo<\/p>\n\n\n\n<p>[PERIODO ANALIZADO]: \u00daltimo trimestre de la prestaci\u00f3n del servicio<\/p>\n\n\n\n<p>[PERIODO PRESTACION]: Indicar el periodo completo de la prestaci\u00f3n del servicio (se a\u00f1ade a la plantilla para dar m\u00e1s informaci\u00f3n a la persona (o ciborg) que revisa el expediente<\/p>\n\n\n\n<p>[NIF BENEFICIARIO]: nif del beneficiario<\/p>\n\n\n\n<p>[BENEFICIARIO]: Raz\u00f3n social del beneficiario<\/p>\n\n\n\n<p>[FECHA DOCUMENTO] : Fecha de redacci\u00f3n de la justificaci\u00f3n (siempre posterior al fin de la prestaci\u00f3n del servicio)<\/p>\n\n\n\n<p><\/p>\n\n\n\n<p><\/p>\n\n\n\n<p>[PALABRA CLAVE] : Sustituir por las palabras clave encontradas en vuestro an\u00e1lisis de palabras clave.<\/p>\n\n\n\n<p><span class=\"highlight\"><mark style=\"background-color:rgba(0, 0, 0, 0)\" class=\"has-inline-color has-neve-link-hover-color-color\">Suponiendo que el periodo a analizar sea del 01\/03\/2024 al 01\/06\/2024)<\/mark><\/span><br>[FECHA FIN-3 MESES: Fecha final, rest\u00e1ndole 3 meses <mark style=\"background-color:rgba(0, 0, 0, 0)\" class=\"has-inline-color has-neve-link-hover-color-color\">01\/03\/2024<\/mark><\/p>\n\n\n\n<p>[FECHA FIN-2 MESES: Fecha final, rest\u00e1ndole 2 meses <mark style=\"background-color:rgba(0, 0, 0, 0)\" class=\"has-inline-color has-neve-link-hover-color-color\">01\/04\/2024<\/mark>.<\/p>\n\n\n\n<p>[FECHA FIN-1 MESES: Fecha final, rest\u00e1ndole 1 mes <mark style=\"background-color:rgba(0, 0, 0, 0)\" class=\"has-inline-color has-neve-link-hover-color-color\">01\/05\/2024<\/mark>.<\/p>\n\n\n\n<p>[FECHA FIN]: Fecha final, <mark style=\"background-color:rgba(0, 0, 0, 0)\" class=\"has-inline-color has-neve-link-hover-color-color\">01\/06\/2024<\/mark>.<\/p>\n\n\n\n<p>[CAPTURA DE UN ARTICULO DE BLOG CON LA FECHA COMPRENDIDA EN EL PERIODO MENSUAL]: Si hab\u00e9is creado un art\u00edculo de blog en esas fechas, incluid una captura d\u00f3nde se aprecie la url del beneficiario y la fecha de publicaci\u00f3n del art\u00edculo.<\/p>\n\n\n\n<p>[CAPTURA SEARCH CONSOLE INDICANDO VISITAS] : Captura de la search console de vuestro dominio en la que se <strong>aprecien las visitas a la url de beneficario<\/strong> y en el <strong>periodo fijado en el mes actual a analizar<\/strong>.<\/p>\n\n\n\n<p>[SELECCIONAR UNA OPCION]: Eliminar esta variable y quedaros con una de las opciones inferiores en funci\u00f3n de la repercusi\u00f3n generada por vuestras acciones seo (vamos, si hab\u00e9is hecho poco trabajo de seo o mucho)<\/p>\n<\/div><\/div>\n\n\n\n<div data-title=\"Material de apoyo\" class=\"wp-block-themeisle-blocks-tabs-item\"><div class=\"wp-block-themeisle-blocks-tabs-item__header\" tabindex=\"0\">Material de apoyo<\/div><div class=\"wp-block-themeisle-blocks-tabs-item__content\">\n<ul class=\"wp-block-list\">\n<li>Usad este art\u00edculo del blog sobre <a href=\"https:\/\/antoniofernandez.com\/como-justificar-presencia-avanzada-kit-digital\/\" data-type=\"link\" data-id=\"https:\/\/antoniofernandez.com\/como-justificar-presencia-avanzada-kit-digital\/\">justificar presencia avanzada del kit digital<\/a> como material de apoyo<\/li>\n\n\n\n<li>Crearos una <a href=\"https:\/\/seranking.com\/?ga=2924510&amp;source=link\" data-type=\"link\" data-id=\"https:\/\/seranking.com\/?ga=2924510&amp;source=link\">cuenta demo en seranking para probar primero<\/a> y trastear con la herramienta. Las gu\u00edas est\u00e1n elaboradas teniendo en cuenta que teng\u00e1is una cuenta en seranking con la que obtener datos de vuestro beneficiario y sus competidores.<\/li>\n<\/ul>\n<\/div><\/div>\n\n\n\n<div data-title=\"Historial de versiones\" class=\"wp-block-themeisle-blocks-tabs-item\"><div class=\"wp-block-themeisle-blocks-tabs-item__header\" tabindex=\"0\">Historial de versiones<\/div><div class=\"wp-block-themeisle-blocks-tabs-item__content\">\n<p><\/p>\n\n\n\n<figure class=\"wp-block-table is-style-stripes\"><table><thead><tr><th>Versi\u00f3n<\/th><th>Fecha<\/th><th>Cambios<\/th><\/tr><\/thead><tbody><tr><td>1.0<\/td><td>24\/09\/2024<\/td><td>versi\u00f3n inicial \u00a1YUPIIIi!<\/td><\/tr><tr><td><\/td><td><\/td><td><\/td><\/tr><tr><td><\/td><td><\/td><td><\/td><\/tr><tr><td><\/td><td><\/td><td><\/td><\/tr><tr><td><\/td><td><\/td><td><\/td><\/tr><\/tbody><\/table><\/figure>\n<\/div><\/div>\n\n\n\n<div data-title=\"Ejemplo\" class=\"wp-block-themeisle-blocks-tabs-item\"><div class=\"wp-block-themeisle-blocks-tabs-item__header\" tabindex=\"0\">Ejemplo<\/div><div class=\"wp-block-themeisle-blocks-tabs-item__content\">\n<div class=\"wp-block-woocommerce-memberships-member-content\">\n<p><a href=\"https:\/\/expedientes.guiaagentedigitalizador.com\/mi-cuenta\/downloads\/\" data-type=\"link\" data-id=\"https:\/\/expedientes.guiaagentedigitalizador.com\/mi-cuenta\/downloads\/\">Ir a descargas<\/a><\/p>\n\n\n\n<div data-wp-interactive=\"core\/file\" class=\"wp-block-file\"><object data-wp-bind--hidden=\"!state.hasPdfPreview\" hidden class=\"wp-block-file__embed\" data=\"https:\/\/expedientes.guiaagentedigitalizador.com\/wp-content\/uploads\/2024\/08\/inform-mensual-competencia-plantilla-competencia-seranking-ejemplo.pdf\" type=\"application\/pdf\" style=\"width:100%;height:600px\" aria-label=\"Incrustado de inform-mensual-competencia-plantilla-competencia-seranking -ejemplo.\"><\/object><a id=\"wp-block-file--media-0559ea0f-00a9-41cb-8ab7-e6e50224e08f\" href=\"https:\/\/expedientes.guiaagentedigitalizador.com\/wp-content\/uploads\/2024\/08\/inform-mensual-competencia-plantilla-competencia-seranking-ejemplo.pdf\">inform-mensual-competencia-plantilla-competencia-seranking -ejemplo<\/a><a href=\"https:\/\/expedientes.guiaagentedigitalizador.com\/wp-content\/uploads\/2024\/08\/inform-mensual-competencia-plantilla-competencia-seranking-ejemplo.pdf\" class=\"wp-block-file__button wp-element-button\" download aria-describedby=\"wp-block-file--media-0559ea0f-00a9-41cb-8ab7-e6e50224e08f\">Descarga<\/a><\/div>\n<\/div>\n<\/div><\/div>\n<\/div><\/div>\n\n\n\n<div id=\"wp-block-themeisle-blocks-advanced-columns-784450ff\" class=\"wp-block-themeisle-blocks-advanced-columns alignfull has-1-columns has-desktop-equal-layout has-tablet-equal-layout has-mobile-collapsedRows-layout has-vertical-center ticss-c00aadba\"><div class=\"wp-block-themeisle-blocks-advanced-columns-overlay\"><\/div><div class=\"innerblocks-wrap\">\n<div id=\"wp-block-themeisle-blocks-advanced-column-d0fbfc0a\" class=\"wp-block-themeisle-blocks-advanced-column\"><\/div>\n<\/div><\/div>\n","protected":false},"excerpt":{"rendered":"<p>Primera justificaci\u00f3n presencia avanzada \u00a1pr\u00f3ximamente! Segunda justificaci\u00f3n de presencia avanzada Informe mensual de competencia Plantilla reutilizable que contiene el informe mensual de competencia, necesario para la segunda justificaci\u00f3n de presencia avanzada del kit digital. Informes mensuales de seguimiento Plantilla reutilizable que contiene los informes mensuales de seguimiento, necesarios para la segunda justificaci\u00f3n de presencia avanzada&hellip;&nbsp;<a href=\"https:\/\/expedientes.guiaagentedigitalizador.com\/?page_id=981\" rel=\"bookmark\">Continue<span class=\"screen-reader-text\">Plantilla presencia avanzada<\/span><\/a><\/p>\n","protected":false},"author":1,"featured_media":0,"parent":0,"menu_order":0,"comment_status":"closed","ping_status":"closed","template":"","meta":{"_acf_changed":false,"neve_meta_sidebar":"","neve_meta_container":"","neve_meta_enable_content_width":"","neve_meta_content_width":0,"neve_meta_title_alignment":"","neve_meta_author_avatar":"","neve_post_elements_order":"","neve_meta_disable_header":"","neve_meta_disable_footer":"","neve_meta_disable_title":"on","neve_meta_reading_time":"","_themeisle_gutenberg_block_has_review":false,"footnotes":""},"class_list":["post-981","page","type-page","status-publish","hentry"],"acf":[],"_links":{"self":[{"href":"https:\/\/expedientes.guiaagentedigitalizador.com\/index.php?rest_route=\/wp\/v2\/pages\/981","targetHints":{"allow":["GET"]}}],"collection":[{"href":"https:\/\/expedientes.guiaagentedigitalizador.com\/index.php?rest_route=\/wp\/v2\/pages"}],"about":[{"href":"https:\/\/expedientes.guiaagentedigitalizador.com\/index.php?rest_route=\/wp\/v2\/types\/page"}],"author":[{"embeddable":true,"href":"https:\/\/expedientes.guiaagentedigitalizador.com\/index.php?rest_route=\/wp\/v2\/users\/1"}],"replies":[{"embeddable":true,"href":"https:\/\/expedientes.guiaagentedigitalizador.com\/index.php?rest_route=%2Fwp%2Fv2%2Fcomments&post=981"}],"version-history":[{"count":15,"href":"https:\/\/expedientes.guiaagentedigitalizador.com\/index.php?rest_route=\/wp\/v2\/pages\/981\/revisions"}],"predecessor-version":[{"id":1384,"href":"https:\/\/expedientes.guiaagentedigitalizador.com\/index.php?rest_route=\/wp\/v2\/pages\/981\/revisions\/1384"}],"wp:attachment":[{"href":"https:\/\/expedientes.guiaagentedigitalizador.com\/index.php?rest_route=%2Fwp%2Fv2%2Fmedia&parent=981"}],"curies":[{"name":"wp","href":"https:\/\/api.w.org\/{rel}","templated":true}]}}