{"id":918,"date":"2024-07-30T23:04:54","date_gmt":"2024-07-30T21:04:54","guid":{"rendered":"https:\/\/expedientes.guiaagentedigitalizador.com\/?page_id=918"},"modified":"2024-09-05T09:30:40","modified_gmt":"2024-09-05T07:30:40","slug":"recursos-justificacion-gestion-de-procesos","status":"publish","type":"page","link":"https:\/\/expedientes.guiaagentedigitalizador.com\/?page_id=918","title":{"rendered":"recursos justificacion gestion de procesos"},"content":{"rendered":"\n<div id=\"wp-block-themeisle-blocks-advanced-columns-a879ea02\" class=\"wp-block-themeisle-blocks-advanced-columns alignfull has-1-columns has-desktop-equal-layout has-tablet-equal-layout has-mobile-collapsedRows-layout has-vertical-center ticss-c00aadba has-light-bg\"><div class=\"wp-block-themeisle-blocks-advanced-columns-overlay\"><\/div><div class=\"innerblocks-wrap\">\n<div id=\"wp-block-themeisle-blocks-advanced-column-b91fff75\" class=\"wp-block-themeisle-blocks-advanced-column\">\n<h1 class=\"wp-block-heading has-nv-text-dark-bg-color has-text-color has-link-color wp-elements-7affbb831547c9b57dfb6f34f417bb3c\"><strong>Recursos adicionales para justificaci\u00f3n de gesti\u00f3n de procesos<\/strong><\/h1>\n\n\n\n<p class=\"has-nv-text-dark-bg-color has-text-color has-link-color wp-elements-439c50ed3719a13988fd7c5ef035c8fa\">Otros recursos \u00fatiles para realizar la justificaci\u00f3n de gesti\u00f3n de procesos del kit digital.<\/p>\n<\/div>\n<\/div><\/div>\n\n\n\n<div style=\"height:65px\" aria-hidden=\"true\" class=\"wp-block-spacer\"><\/div>\n\n\n\n<h2 class=\"wp-block-heading has-neve-link-color-color has-text-color has-link-color wp-elements-4883bc92ccdd86b7a39c1f772afba84e\">Primera justificaci\u00f3n gesti\u00f3n de procesos<\/h2>\n\n\n\n<div style=\"height:65px\" aria-hidden=\"true\" class=\"wp-block-spacer\"><\/div>\n\n\n\n<h3 class=\"wp-block-heading has-neve-link-color-color has-text-color has-link-color wp-elements-15a3880d75227626a4052d57dc8093c3\">Logs de acceso a la aplicaci\u00f3n<\/h3>\n\n\n\n<p>Logs de acceso a la soluci\u00f3n o registros de acceso a la soluci\u00f3n implantada:<\/p>\n\n\n\n<div id=\"wp-block-themeisle-blocks-tabs-fe3d359f\" class=\"wp-block-themeisle-blocks-tabs\"><div class=\"wp-block-themeisle-blocks-tabs__content\">\n<div data-title=\"Instrucciones\" class=\"wp-block-themeisle-blocks-tabs-item\"><div class=\"wp-block-themeisle-blocks-tabs-item__header\" tabindex=\"0\">Instrucciones<\/div><div class=\"wp-block-themeisle-blocks-tabs-item__content\">\n<p>Ojito con esto, no se aceptan logs en formato editable, es decir, todo aquello en plan fichero txt, estilo archivo .log de apache o nginx es subsanado de inmediato.<\/p>\n\n\n\n<p>Para no jugarosla, si el software es vuestro, incluid una pantalla con los accesos de inicio de sesi\u00f3n con usuario (correo y fecha\/hora. Si el software no es vuestro, buscad un m\u00f3dulo.<\/p>\n\n\n\n<p>A tener en cuenta:<\/p>\n\n\n\n<ul class=\"wp-block-list\">\n<li>Fecha del acceso: deben ser posteriores a la implantaci\u00f3n de la soluci\u00f3n. <\/li>\n\n\n\n<li>Debe de aparecer el Usuario\/nombre de usuario\/email o cualquier otro elemento vinculado a la PYME. <\/li>\n\n\n\n<li>No es necesario que aparezca la direcci\u00f3n IP, pero puede incluirse. <\/li>\n<\/ul>\n<\/div><\/div>\n\n\n\n<div data-title=\"Recursos\" class=\"wp-block-themeisle-blocks-tabs-item\"><div class=\"wp-block-themeisle-blocks-tabs-item__header\" tabindex=\"0\">Recursos<\/div><div class=\"wp-block-themeisle-blocks-tabs-item__content\">\n<p>M\u00f3dulo de odoo para mostrar inicios de sesi\u00f3n:<\/p>\n\n\n\n<p><a href=\"https:\/\/apps.odoo.com\/apps\/modules\/17.0\/login_user_detail\">https:\/\/apps.odoo.com\/apps\/modules\/17.0\/login_user_detail<\/a><\/p>\n<\/div><\/div>\n<\/div><\/div>\n\n\n\n<div style=\"height:65px\" aria-hidden=\"true\" class=\"wp-block-spacer\"><\/div>\n\n\n\n<h2 class=\"wp-block-heading has-neve-link-color-color has-text-color has-link-color wp-elements-a689f4ca339a128e873036f34b2af9db\">Segunda justificaci\u00f3n gesti\u00f3n de procesos<\/h2>\n\n\n\n<div style=\"height:65px\" aria-hidden=\"true\" class=\"wp-block-spacer\"><\/div>\n\n\n\n<h3 class=\"wp-block-heading has-neve-link-color-color has-text-color has-link-color wp-elements-0a012f89bbd04becbf531d42fcd334d7\">No hay plantillas disponibles<\/h3>\n","protected":false},"excerpt":{"rendered":"<p>Primera justificaci\u00f3n gesti\u00f3n de procesos Logs de acceso a la aplicaci\u00f3n Logs de acceso a la soluci\u00f3n o registros de acceso a la soluci\u00f3n implantada: Segunda justificaci\u00f3n gesti\u00f3n de procesos No hay plantillas disponibles<\/p>\n","protected":false},"author":1,"featured_media":0,"parent":0,"menu_order":0,"comment_status":"closed","ping_status":"closed","template":"","meta":{"_acf_changed":false,"neve_meta_sidebar":"","neve_meta_container":"","neve_meta_enable_content_width":"","neve_meta_content_width":0,"neve_meta_title_alignment":"","neve_meta_author_avatar":"","neve_post_elements_order":"","neve_meta_disable_header":"","neve_meta_disable_footer":"","neve_meta_disable_title":"on","neve_meta_reading_time":"","_themeisle_gutenberg_block_has_review":false,"footnotes":""},"class_list":["post-918","page","type-page","status-publish","hentry"],"acf":[],"_links":{"self":[{"href":"https:\/\/expedientes.guiaagentedigitalizador.com\/index.php?rest_route=\/wp\/v2\/pages\/918","targetHints":{"allow":["GET"]}}],"collection":[{"href":"https:\/\/expedientes.guiaagentedigitalizador.com\/index.php?rest_route=\/wp\/v2\/pages"}],"about":[{"href":"https:\/\/expedientes.guiaagentedigitalizador.com\/index.php?rest_route=\/wp\/v2\/types\/page"}],"author":[{"embeddable":true,"href":"https:\/\/expedientes.guiaagentedigitalizador.com\/index.php?rest_route=\/wp\/v2\/users\/1"}],"replies":[{"embeddable":true,"href":"https:\/\/expedientes.guiaagentedigitalizador.com\/index.php?rest_route=%2Fwp%2Fv2%2Fcomments&post=918"}],"version-history":[{"count":7,"href":"https:\/\/expedientes.guiaagentedigitalizador.com\/index.php?rest_route=\/wp\/v2\/pages\/918\/revisions"}],"predecessor-version":[{"id":1188,"href":"https:\/\/expedientes.guiaagentedigitalizador.com\/index.php?rest_route=\/wp\/v2\/pages\/918\/revisions\/1188"}],"wp:attachment":[{"href":"https:\/\/expedientes.guiaagentedigitalizador.com\/index.php?rest_route=%2Fwp%2Fv2%2Fmedia&parent=918"}],"curies":[{"name":"wp","href":"https:\/\/api.w.org\/{rel}","templated":true}]}}