{"id":855,"date":"2024-07-28T19:14:38","date_gmt":"2024-07-28T17:14:38","guid":{"rendered":"https:\/\/expedientes.guiaagentedigitalizador.com\/?page_id=855"},"modified":"2024-07-30T22:08:25","modified_gmt":"2024-07-30T20:08:25","slug":"justificacion-gestion-procesos","status":"publish","type":"page","link":"https:\/\/expedientes.guiaagentedigitalizador.com\/?page_id=855","title":{"rendered":"justificacion gestion procesos"},"content":{"rendered":"\n<div id=\"wp-block-themeisle-blocks-advanced-columns-a879ea02\" class=\"wp-block-themeisle-blocks-advanced-columns alignfull has-1-columns has-desktop-equal-layout has-tablet-equal-layout has-mobile-collapsedRows-layout has-vertical-center ticss-c00aadba has-light-bg\"><div class=\"wp-block-themeisle-blocks-advanced-columns-overlay\"><\/div><div class=\"innerblocks-wrap\">\n<div id=\"wp-block-themeisle-blocks-advanced-column-b91fff75\" class=\"wp-block-themeisle-blocks-advanced-column\">\n<h1 class=\"wp-block-heading has-nv-text-dark-bg-color has-text-color has-link-color wp-elements-1359d9b915903533792f69546b1e83e9\"><strong>JUSTIFICACI\u00d3N GESTI\u00d3N DE PROCESOS<\/strong><\/h1>\n\n\n\n<p class=\"has-nv-text-dark-bg-color has-text-color has-link-color wp-elements-33931ded08b8cefe6a8952e9aa0348ba\">Todo lo que necesitas saber para realizar la justificaci\u00f3n de procesos del kit digital.<\/p>\n<\/div>\n<\/div><\/div>\n\n\n\n<h3 class=\"wp-block-heading has-neve-link-color-color has-text-color has-link-color wp-elements-55b7f9f7068b4b6c63b8be61fa4c5ef9\">ANTES DE COMENZAR<\/h3>\n\n\n\n<p>Antes de lanzarte a implantar una gesti\u00f3n de procesos con el kit digital, l\u00e9ete esto.<\/p>\n\n\n\n<div id=\"wp-block-themeisle-blocks-tabs-6922a609\" class=\"wp-block-themeisle-blocks-tabs\"><div class=\"wp-block-themeisle-blocks-tabs__content\">\n<div data-title=\"Instrucciones\" class=\"wp-block-themeisle-blocks-tabs-item\"><div class=\"wp-block-themeisle-blocks-tabs-item__header\" tabindex=\"0\">Instrucciones<\/div><div class=\"wp-block-themeisle-blocks-tabs-item__content\">\n<ul class=\"wp-block-list\">\n<li>Es mucho m\u00e1s f\u00e1cil de justificar que por ejemplo gesti\u00f3n de clientes, as\u00ed que util\u00edzala c\u00f3mo alternativa a esta \u00faltima..<\/li>\n\n\n\n<li>El software que implantes tiene que disponer de APIs porque es un requisito del kit digital (avisado est\u00e1s)<\/li>\n\n\n\n<li>Aseg\u00farate que existe alguna secci\u00f3n en el software d\u00f3nde se muestran las conexiones de los usuarios, con su nombre o correo y su fecha\/ahora de conexi\u00f3n. No est\u00e1n admitiendo logs de apache o nginx por lo que lo mejor es que el programa tenga una pantalla propia para la visualizaci\u00f3n de conexiones.<\/li>\n\n\n\n<li><\/li>\n<\/ul>\n<\/div><\/div>\n<\/div><\/div>\n\n\n\n<div id=\"wp-block-themeisle-blocks-advanced-columns-784450ff\" class=\"wp-block-themeisle-blocks-advanced-columns alignfull has-1-columns has-desktop-equal-layout has-tablet-equal-layout has-mobile-collapsedRows-layout has-vertical-center ticss-c00aadba\"><div class=\"wp-block-themeisle-blocks-advanced-columns-overlay\"><\/div><div class=\"innerblocks-wrap\">\n<div id=\"wp-block-themeisle-blocks-advanced-column-d0fbfc0a\" class=\"wp-block-themeisle-blocks-advanced-column\">\n<div id=\"wp-block-themeisle-blocks-advanced-columns-f32a2609\" class=\"wp-block-themeisle-blocks-advanced-columns has-1-columns has-desktop-equal-layout has-tablet-equal-layout has-mobile-equal-layout has-vertical-center\"><div class=\"wp-block-themeisle-blocks-advanced-columns-overlay\"><\/div><div class=\"innerblocks-wrap\">\n<div id=\"wp-block-themeisle-blocks-advanced-column-3567d86b\" class=\"wp-block-themeisle-blocks-advanced-column\">\n<h2 id=\"wp-block-themeisle-blocks-advanced-heading-d5f71f32\" class=\"wp-block-themeisle-blocks-advanced-heading wp-block-themeisle-blocks-advanced-heading-d5f71f32\">Materiales disponibles<\/h2>\n\n\n\n<p class=\"has-text-align-center\">Lista de contenidos y materiales para agentes digitalizadores en la categor\u00eda de gesti\u00f3n de procesos<\/p>\n<\/div>\n<\/div><\/div>\n\n\n\n<div id=\"wp-block-themeisle-blocks-advanced-columns-8085ff1f\" class=\"wp-block-themeisle-blocks-advanced-columns has-2-columns has-desktop-equal-layout has-tablet-equal-layout has-mobile-collapsedRows-layout has-vertical-top\"><div class=\"wp-block-themeisle-blocks-advanced-columns-overlay\"><\/div><div class=\"innerblocks-wrap\">\n<div id=\"wp-block-themeisle-blocks-advanced-column-dfb15c39\" class=\"wp-block-themeisle-blocks-advanced-column\">\n<div id=\"wp-block-themeisle-blocks-font-awesome-icons-c5fd27f1\" class=\"wp-block-themeisle-blocks-font-awesome-icons\"><span class=\"wp-block-themeisle-blocks-font-awesome-icons-container\"><svg xmlns=\"http:\/\/www.w3.org\/2000\/svg\" viewBox=\"0 0 1800 1800\"><path d=\"M1718.199,2.029H81.579c-43.977,0-79.754,35.772-79.754,79.741v1636.633 c0,43.973,35.777,79.749,79.754,79.749h1636.62c43.969,0,79.745-35.776,79.745-79.749V81.77 C1797.944,37.801,1762.168,2.029,1718.199,2.029z M1734.873,1718.402c0,9.195-7.479,16.679-16.674,16.679H81.579 c-9.204,0-16.683-7.483-16.683-16.679V340.556h1669.977V1718.402z M1734.873,277.485H64.896V81.77c0-9.19,7.479-16.67,16.683-16.67 h1636.62c9.194,0,16.674,7.479,16.674,16.67V277.485z\"><\/path><circle cx=\"201.36\" cy=\"168.237\" r=\"50.682\"><\/circle><circle cx=\"361.29\" cy=\"168.237\" r=\"50.682\"><\/circle><circle cx=\"521.221\" cy=\"168.237\" r=\"50.682\"><\/circle><path d=\"M691.019,1349.104c4.712,2.503,9.771,3.687,14.76,3.687c11.293,0,22.218-6.085,27.884-16.753 l362.28-682.476c8.166-15.385,2.314-34.475-13.066-42.64c-15.385-8.166-34.474-2.31-42.639,13.067l-362.291,682.476 C669.782,1321.85,675.634,1340.939,691.019,1349.104z\"><\/path><path d=\"M281.378,967.035c0.018,0.29,0.062,0.576,0.083,0.871c0.181,2.38,0.647,4.765,1.395,7.114 c0.105,0.325,0.184,0.659,0.299,0.984c0.136,0.388,0.317,0.771,0.471,1.153c0.233,0.599,0.466,1.193,0.739,1.773 c0.021,0.048,0.04,0.102,0.066,0.153c0.057,0.124,0.141,0.229,0.202,0.353c0.537,1.091,1.144,2.143,1.804,3.162 c0.176,0.282,0.352,0.561,0.542,0.832c0.743,1.078,1.544,2.12,2.424,3.103c0.163,0.18,0.338,0.339,0.501,0.514 c0.739,0.788,1.526,1.541,2.354,2.254c0.303,0.259,0.603,0.515,0.911,0.765c0.858,0.688,1.75,1.333,2.692,1.936 c0.176,0.115,0.344,0.247,0.524,0.356c0.928,0.567,1.888,1.091,2.891,1.57l315.32,150.776c4.391,2.098,9.019,3.092,13.581,3.092 c11.769,0,23.058-6.616,28.469-17.941c7.515-15.71,0.871-34.54-14.844-42.055L385.988,965.481l255.813-122.323 c15.715-7.514,22.359-26.344,14.844-42.055c-7.51-15.714-26.344-22.367-42.05-14.848L299.592,936.882 c-0.009,0.004-0.018,0.004-0.022,0.008l-0.295,0.141c-0.264,0.128-0.501,0.282-0.761,0.414c-0.633,0.321-1.263,0.646-1.874,1.016 c-0.356,0.212-0.69,0.449-1.038,0.678c-0.515,0.335-1.034,0.674-1.536,1.042c-0.37,0.274-0.712,0.573-1.074,0.859 c-0.44,0.36-0.879,0.712-1.307,1.1c-0.356,0.325-0.695,0.673-1.033,1.012c-0.388,0.383-0.774,0.761-1.145,1.166 c-0.343,0.383-0.66,0.779-0.981,1.175c-0.33,0.396-0.66,0.787-0.968,1.205c-0.334,0.453-0.638,0.919-0.946,1.391 c-0.255,0.392-0.528,0.774-0.77,1.179c-0.331,0.55-0.621,1.117-0.911,1.681c-0.167,0.317-0.352,0.607-0.501,0.928 c-0.026,0.054-0.044,0.103-0.066,0.154c-0.273,0.581-0.506,1.175-0.739,1.769c-0.154,0.388-0.335,0.77-0.471,1.157 c-0.115,0.325-0.194,0.66-0.299,0.99c-0.748,2.345-1.214,4.729-1.395,7.109c-0.022,0.291-0.066,0.581-0.083,0.872 c-0.027,0.518-0.005,1.037-0.005,1.556C281.373,965.997,281.351,966.512,281.378,967.035z\"><\/path><path d=\"M1117.246,1129.855c5.411,11.325,16.705,17.941,28.474,17.941c4.558,0,9.19-0.994,13.576-3.092 l315.321-150.776c1.003-0.479,1.967-1.003,2.89-1.57c0.181-0.109,0.349-0.241,0.523-0.356c0.942-0.603,1.839-1.248,2.692-1.936 c0.313-0.25,0.612-0.506,0.916-0.765c0.826-0.713,1.61-1.466,2.35-2.254c0.166-0.175,0.343-0.334,0.501-0.514 c0.88-0.982,1.681-2.024,2.429-3.103c0.184-0.271,0.361-0.55,0.54-0.832c0.661-1.02,1.268-2.071,1.805-3.162 c0.063-0.124,0.145-0.229,0.202-0.353c0.022-0.052,0.039-0.105,0.065-0.153c0.274-0.58,0.503-1.175,0.74-1.773 c0.153-0.383,0.334-0.766,0.47-1.153c0.115-0.325,0.193-0.659,0.301-0.984c0.746-2.35,1.209-4.734,1.393-7.114 c0.022-0.295,0.066-0.581,0.081-0.871c0.026-0.523,0.008-1.038,0.008-1.554c0-0.519,0.019-1.038-0.008-1.556 c-0.015-0.291-0.059-0.581-0.081-0.872c-0.184-2.381-0.646-4.765-1.393-7.109c-0.107-0.33-0.186-0.665-0.301-0.99 c-0.136-0.388-0.316-0.77-0.47-1.157c-0.237-0.594-0.466-1.188-0.74-1.769c-0.026-0.052-0.043-0.101-0.065-0.154 c-0.154-0.32-0.34-0.616-0.506-0.928c-0.291-0.567-0.58-1.131-0.906-1.681c-0.246-0.408-0.52-0.802-0.783-1.197 c-0.304-0.457-0.599-0.923-0.933-1.368c-0.316-0.427-0.655-0.831-0.994-1.236c-0.308-0.383-0.616-0.77-0.95-1.135 c-0.383-0.427-0.787-0.822-1.192-1.224c-0.321-0.319-0.638-0.646-0.973-0.954c-0.458-0.413-0.938-0.796-1.417-1.183 c-0.315-0.256-0.624-0.523-0.954-0.767c-0.559-0.418-1.14-0.795-1.72-1.174c-0.281-0.181-0.555-0.375-0.841-0.546 c-0.712-0.431-1.447-0.818-2.195-1.192c-0.167-0.079-0.316-0.18-0.483-0.26l-0.186-0.088c-0.062-0.03-0.132-0.065-0.197-0.097 l-314.938-150.59c-15.696-7.51-34.536-0.863-42.05,14.848c-7.515,15.711-0.867,34.541,14.844,42.055l255.817,122.323 l-255.817,122.319C1116.379,1095.315,1109.731,1114.146,1117.246,1129.855z\"><\/path><\/svg><\/span><\/div>\n\n\n\n<h3 id=\"wp-block-themeisle-blocks-advanced-heading-3147d135\" class=\"wp-block-themeisle-blocks-advanced-heading wp-block-themeisle-blocks-advanced-heading-3147d135\">Gu\u00edas de justificaci\u00f3n<\/h3>\n\n\n\n<p class=\"has-text-align-center\">Gu\u00edas , plantillas reutilizables y ejemplos de documentos finales para realizar la justificaci\u00f3n.<\/p>\n\n\n\n<div class=\"wp-block-buttons is-vertical is-content-justification-center is-layout-flex wp-container-core-buttons-is-layout-cc3cdef1 wp-block-buttons-is-layout-flex\">\n<div class=\"wp-block-button is-style-primary\"><a class=\"wp-block-button__link wp-element-button\" href=\"https:\/\/expedientes.guiaagentedigitalizador.com\/plantilla-gestion-procesos\/\">Ir<\/a><\/div>\n<\/div>\n<\/div>\n\n\n\n<div id=\"wp-block-themeisle-blocks-advanced-column-ec09b220\" class=\"wp-block-themeisle-blocks-advanced-column ticss-ec09b220\">\n<div id=\"wp-block-themeisle-blocks-font-awesome-icons-1225333d\" class=\"wp-block-themeisle-blocks-font-awesome-icons\"><span class=\"wp-block-themeisle-blocks-font-awesome-icons-container\"><svg xmlns=\"http:\/\/www.w3.org\/2000\/svg\" viewBox=\"0 0 1800 1800\"><path d=\"M1478.793,1242.979c0.031,0.006,0.061,0.006,0.094,0h3.281c13.289,0,25.162-8.314,29.709-20.8 l283.908-780.039c3.529-9.694,2.104-20.5-3.811-28.951c-5.919-8.447-15.582-13.479-25.899-13.479H1194.88H883.583H334.239 L263.73,208.149c-0.066-0.181-0.155-0.349-0.225-0.53c-0.238-0.609-0.494-1.204-0.768-1.791c-0.181-0.397-0.366-0.79-0.564-1.177 c-0.255-0.499-0.524-0.984-0.807-1.465c-0.261-0.45-0.525-0.896-0.807-1.332c-0.251-0.384-0.516-0.758-0.781-1.129 c-0.348-0.484-0.697-0.965-1.067-1.424c-0.247-0.309-0.507-0.609-0.763-0.904c-0.415-0.476-0.833-0.948-1.27-1.398 c-0.274-0.278-0.561-0.542-0.843-0.812c-0.446-0.423-0.887-0.838-1.354-1.235c-0.335-0.282-0.688-0.551-1.032-0.821 c-0.437-0.334-0.874-0.675-1.323-0.987c-0.423-0.296-0.86-0.569-1.297-0.842c-0.401-0.251-0.803-0.503-1.212-0.736 c-0.508-0.287-1.028-0.547-1.549-0.807c-0.375-0.186-0.745-0.375-1.129-0.543c-0.555-0.247-1.121-0.468-1.693-0.688 c-0.384-0.145-0.768-0.291-1.156-0.423c-0.555-0.186-1.111-0.344-1.675-0.499c-0.451-0.124-0.9-0.242-1.35-0.348 c-0.507-0.115-1.015-0.208-1.53-0.3c-0.542-0.093-1.089-0.181-1.641-0.248c-0.441-0.052-0.882-0.097-1.328-0.128 c-0.635-0.052-1.271-0.083-1.905-0.097c-0.203-0.004-0.397-0.031-0.601-0.031H33.923c-17.461,0-31.615,14.153-31.615,31.615 c0,17.461,14.154,31.615,31.615,31.615h178.083L300.272,490.5l255.975,703.281c-0.123,0.308-0.273,0.604-0.393,0.921 l-86.934,236.188c-0.542,1.473-0.93,2.965-1.243,4.46c-1.821,3.996-2.862,8.42-2.862,13.095c0,17.461,14.154,31.616,31.615,31.616 h123.754c11.622,74.937,76.572,132.486,154.716,132.486c78.143,0,143.094-57.55,154.716-132.486h217.104 c11.621,74.937,76.574,132.486,154.717,132.486c78.144,0,143.093-57.55,154.716-132.486h87.688 c17.463,0,31.615-14.155,31.615-31.616c0-17.462-14.152-31.615-31.615-31.615h-90.789 c-17.421-67.456-78.792-117.429-151.614-117.429c-72.824,0-134.194,49.973-151.616,117.429H926.521 c-17.432-67.456-78.8-117.429-151.62-117.429c-72.819,0-134.189,49.973-151.62,117.429h-81.803l63.989-173.85H1478.793z M1216.813,1416.829c14.844-31.941,47.146-54.197,84.624-54.197c37.477,0,69.78,22.256,84.622,54.197 c5.539,11.921,8.72,25.153,8.72,39.145c0,8.341-1.205,16.386-3.264,24.087c-10.665,39.81-46.952,69.256-90.078,69.256 c-43.128,0-79.414-29.446-90.077-69.256c-2.061-7.701-3.265-15.746-3.265-24.087 C1208.096,1441.982,1211.274,1428.75,1216.813,1416.829z M690.278,1416.829c14.838-31.941,47.146-54.197,84.623-54.197 c37.477,0,69.785,22.256,84.622,54.197c5.541,11.921,8.72,25.153,8.72,39.145c0,8.341-1.203,16.386-3.267,24.087 c-10.661,39.81-46.947,69.256-90.075,69.256c-43.126,0-79.414-29.446-90.074-69.256c-2.064-7.701-3.268-15.746-3.268-24.087 C681.559,1441.982,684.739,1428.75,690.278,1416.829z M644.822,1179.748h-26.389l-20.453-56.187l-49.751-136.69h255.596v192.877 H644.822z M1553.244,923.641h-289.426V723.412h362.303L1553.244,923.641z M1200.588,923.641H867.055V723.412h333.533V923.641z M803.825,923.641H525.214l-72.876-200.229h351.487V923.641z M867.055,1179.748V986.871h333.533v192.877H867.055z M1480.479,1123.562l-20.449,56.187h-26.389h-169.822V986.871h266.412L1480.479,1123.562z M1649.132,660.181h-385.313V462.942 h457.104L1649.132,660.181z M905.72,462.942h267.024h27.844v197.239H867.055V462.942H905.72z M357.535,462.942h446.29v197.239 H429.327l-69.625-191.293c-0.005-0.004-0.005-0.004-0.005-0.004l-0.04-0.11L357.535,462.942z\"><\/path><\/svg><\/span><\/div>\n\n\n\n<h3 id=\"wp-block-themeisle-blocks-advanced-heading-869a9c1f\" class=\"wp-block-themeisle-blocks-advanced-heading wp-block-themeisle-blocks-advanced-heading-869a9c1f\">Otros materiales<\/h3>\n\n\n\n<p class=\"has-text-align-center\">Materiales adicionales para la justificaci\u00f3n de gesti\u00f3n de procesos.<\/p>\n\n\n\n<div class=\"wp-block-buttons is-vertical is-content-justification-center is-layout-flex wp-container-core-buttons-is-layout-cc3cdef1 wp-block-buttons-is-layout-flex\">\n<div class=\"wp-block-button is-style-primary\"><a class=\"wp-block-button__link wp-element-button\" href=\"https:\/\/expedientes.guiaagentedigitalizador.com\/recursos-justificacion-presencia-web\/\">Ir<\/a><\/div>\n<\/div>\n<\/div>\n<\/div><\/div>\n<\/div>\n<\/div><\/div>\n","protected":false},"excerpt":{"rendered":"<p>ANTES DE COMENZAR Antes de lanzarte a implantar una gesti\u00f3n de procesos con el kit digital, l\u00e9ete esto.<\/p>\n","protected":false},"author":1,"featured_media":0,"parent":0,"menu_order":0,"comment_status":"closed","ping_status":"closed","template":"","meta":{"_acf_changed":false,"neve_meta_sidebar":"","neve_meta_container":"","neve_meta_enable_content_width":"","neve_meta_content_width":0,"neve_meta_title_alignment":"","neve_meta_author_avatar":"","neve_post_elements_order":"","neve_meta_disable_header":"","neve_meta_disable_footer":"","neve_meta_disable_title":"on","neve_meta_reading_time":"","_themeisle_gutenberg_block_has_review":false,"footnotes":""},"class_list":["post-855","page","type-page","status-publish","hentry"],"acf":[],"_links":{"self":[{"href":"https:\/\/expedientes.guiaagentedigitalizador.com\/index.php?rest_route=\/wp\/v2\/pages\/855","targetHints":{"allow":["GET"]}}],"collection":[{"href":"https:\/\/expedientes.guiaagentedigitalizador.com\/index.php?rest_route=\/wp\/v2\/pages"}],"about":[{"href":"https:\/\/expedientes.guiaagentedigitalizador.com\/index.php?rest_route=\/wp\/v2\/types\/page"}],"author":[{"embeddable":true,"href":"https:\/\/expedientes.guiaagentedigitalizador.com\/index.php?rest_route=\/wp\/v2\/users\/1"}],"replies":[{"embeddable":true,"href":"https:\/\/expedientes.guiaagentedigitalizador.com\/index.php?rest_route=%2Fwp%2Fv2%2Fcomments&post=855"}],"version-history":[{"count":7,"href":"https:\/\/expedientes.guiaagentedigitalizador.com\/index.php?rest_route=\/wp\/v2\/pages\/855\/revisions"}],"predecessor-version":[{"id":917,"href":"https:\/\/expedientes.guiaagentedigitalizador.com\/index.php?rest_route=\/wp\/v2\/pages\/855\/revisions\/917"}],"wp:attachment":[{"href":"https:\/\/expedientes.guiaagentedigitalizador.com\/index.php?rest_route=%2Fwp%2Fv2%2Fmedia&parent=855"}],"curies":[{"name":"wp","href":"https:\/\/api.w.org\/{rel}","templated":true}]}}