{"id":844,"date":"2024-07-25T18:57:11","date_gmt":"2024-07-25T16:57:11","guid":{"rendered":"https:\/\/expedientes.guiaagentedigitalizador.com\/?page_id=844"},"modified":"2024-09-12T16:39:17","modified_gmt":"2024-09-12T14:39:17","slug":"justificacion-kit-digital","status":"publish","type":"page","link":"https:\/\/expedientes.guiaagentedigitalizador.com\/?page_id=844","title":{"rendered":"Justificaci\u00f3n kit digital"},"content":{"rendered":"\n<div id=\"wp-block-themeisle-blocks-advanced-columns-a879ea02\" class=\"wp-block-themeisle-blocks-advanced-columns alignfull has-1-columns has-desktop-equal-layout has-tablet-equal-layout has-mobile-collapsedRows-layout has-vertical-center ticss-c00aadba has-light-bg\"><div class=\"wp-block-themeisle-blocks-advanced-columns-overlay\"><\/div><div class=\"innerblocks-wrap\">\n<div id=\"wp-block-themeisle-blocks-advanced-column-b91fff75\" class=\"wp-block-themeisle-blocks-advanced-column\">\n<h1 class=\"wp-block-heading has-nv-text-dark-bg-color has-text-color has-link-color wp-elements-b01e36634897ba08025502d58ffb15b4\"><strong>JUSTIFICACI\u00d3N KIT DIGITAL<\/strong><\/h1>\n\n\n\n<p class=\"has-nv-text-dark-bg-color has-text-color has-link-color wp-elements-27063bffc1a7acd7f93f1b319075db55\">Materiales de utilidad para realizar la justificaci\u00f3n del kit digital. Gu\u00edas, ejemplos y plantillas para justificar.<\/p>\n<\/div>\n<\/div><\/div>\n\n\n\n<div style=\"height:100px\" aria-hidden=\"true\" class=\"wp-block-spacer\"><\/div>\n\n\n\n<h2 class=\"wp-block-heading has-neve-link-color-color has-text-color has-link-color wp-elements-d97dd62149033126b0c4bc0b80a1b2a9\">Plazos de presentaci\u00f3n y justificaci\u00f3n kit digital<\/h2>\n\n\n\n<p>Para que teng\u00e1is siempre a mano los plazos en los que funciona el kit digital<\/p>\n\n\n\n<div id=\"wp-block-themeisle-blocks-tabs-fe3d359f\" class=\"wp-block-themeisle-blocks-tabs\"><div class=\"wp-block-themeisle-blocks-tabs__content\">\n<div data-title=\"Instrucciones\" class=\"wp-block-themeisle-blocks-tabs-item\"><div class=\"wp-block-themeisle-blocks-tabs-item__header\" tabindex=\"0\">Instrucciones<\/div><div class=\"wp-block-themeisle-blocks-tabs-item__content\">\n<p>Podemos hablar de distintos plazos, para elaborar acuerdo, para emisi\u00f3n y pago de factura y para elaborar justificaci\u00f3n.<\/p>\n\n\n\n<p><br><strong>FIRMA DE ACUERDO DE PRESTACI\u00d3N<\/strong><br>Ser\u00e1 6 meses m\u00e1ximo a partir de la aprobaci\u00f3n del bono<br><\/p>\n\n\n\n<p><strong>EMISI\u00d3N DE FACTURA<br><\/strong>Ser\u00e1 en los primeros 3 meses a partir de la firma del acuerdo.<\/p>\n\n\n\n<p><strong>ABONO DE LA FACTURA POR EL BENEFICIARIO<br><\/strong>El beneficiario deber\u00e1 abonar de la factura la parte no cubierta por el kit digital, en la primera convocatoria en los primeros 3 meses despu\u00e9s de la firma del acuerdo y en el resto, en los primeros 6 meses.<br><br><strong>JUSTIFICACI\u00d3N<\/strong><br>Para la primera convocatoria, en los primeros 3 meses a partir de la emisi\u00f3n de la factura y para el resto, en los primeros 6 meses despu\u00e9s de la validaci\u00f3n del acuerdo (evidentemente, despu\u00e9s de la emisi\u00f3n de la factura).<br>Si transcurrido el plazo, no se realiza la justificaci\u00f3n , <strong>se conceden 15 d\u00edas h\u00e1biles m\u00e1s de oficio<\/strong> (llega una notificaci\u00f3n)<\/p>\n<\/div><\/div>\n<\/div><\/div>\n\n\n\n<div style=\"height:65px\" aria-hidden=\"true\" class=\"wp-block-spacer\"><\/div>\n\n\n\n<h2 class=\"wp-block-heading has-neve-link-color-color has-text-color has-link-color wp-elements-8e0e35ad28c073cb5ad43658ffeb5665\">Modelo de baja de servicio<\/h2>\n\n\n\n<p>\u00bfy que es esto? Pues bien, te explico, imag\u00ednate que le implantas un CRM a un cliente con el kit digital y al a\u00f1o y pico te cae una auditoria, pero claro<strong> ese cliente ha decidido no renovar los coste del CRM y t\u00fa lo has desinstalado<\/strong> \u00bfMiedo? \u00bfhorror? \u00bfsalir por patas? Con este modelo podr\u00e1s certificar que tu cliente ha dejado de pagar por el servicio una vez finalizado el periodo de prestaci\u00f3n y as\u00ed <strong>evitar una auditor\u00eda de las funcionalidades del mismo<\/strong>.<\/p>\n\n\n\n<div id=\"wp-block-themeisle-blocks-tabs-90fccd43\" class=\"wp-block-themeisle-blocks-tabs\"><div class=\"wp-block-themeisle-blocks-tabs__content\">\n<div data-title=\"Plantilla\" class=\"wp-block-themeisle-blocks-tabs-item\"><div class=\"wp-block-themeisle-blocks-tabs-item__header\" tabindex=\"0\">Plantilla<\/div><div class=\"wp-block-themeisle-blocks-tabs-item__content\">\n<div class=\"wp-block-woocommerce-memberships-member-content\"><\/div>\n\n\n\n<p><mark style=\"background-color:rgba(0, 0, 0, 0)\" class=\"has-inline-color has-neve-link-hover-color-color\">\u00a1proximamente!<\/mark><\/p>\n<\/div><\/div>\n<\/div><\/div>\n\n\n\n<div style=\"height:65px\" aria-hidden=\"true\" class=\"wp-block-spacer\"><\/div>\n\n\n\n<h2 class=\"wp-block-heading has-text-align-center has-neve-link-color-color has-text-color has-link-color wp-elements-c1a59e00f4c63831e48ed0f5c0c51bbf\">Categor\u00edas<\/h2>\n\n\n\n<p class=\"has-text-align-center\">Lista de contenidos y materiales para agentes digitalizadores seg\u00fan categor\u00edas<\/p>\n\n\n\n<div id=\"wp-block-themeisle-blocks-advanced-columns-784450ff\" class=\"wp-block-themeisle-blocks-advanced-columns alignfull has-1-columns has-desktop-equal-layout has-tablet-equal-layout has-mobile-collapsedRows-layout has-vertical-center ticss-c00aadba\"><div class=\"wp-block-themeisle-blocks-advanced-columns-overlay\"><\/div><div class=\"innerblocks-wrap\">\n<div id=\"wp-block-themeisle-blocks-advanced-column-d0fbfc0a\" class=\"wp-block-themeisle-blocks-advanced-column\">\n<div id=\"wp-block-themeisle-blocks-advanced-columns-16bea913\" class=\"wp-block-themeisle-blocks-advanced-columns has-4-columns has-desktop-equal-layout has-tablet-equal-layout has-mobile-collapsedRows-layout has-vertical-top\"><div class=\"wp-block-themeisle-blocks-advanced-columns-overlay\"><\/div><div class=\"innerblocks-wrap\">\n<div id=\"wp-block-themeisle-blocks-advanced-column-14dcebaa\" class=\"wp-block-themeisle-blocks-advanced-column\">\n<div id=\"wp-block-themeisle-blocks-font-awesome-icons-c05c8abb\" class=\"wp-block-themeisle-blocks-font-awesome-icons\"><span class=\"wp-block-themeisle-blocks-font-awesome-icons-container\"><svg xmlns=\"http:\/\/www.w3.org\/2000\/svg\" viewBox=\"0 0 1800 1800\"><path d=\"M1718.199,2.029H81.579c-43.977,0-79.754,35.772-79.754,79.741v1636.633 c0,43.973,35.777,79.749,79.754,79.749h1636.62c43.969,0,79.745-35.776,79.745-79.749V81.77 C1797.944,37.801,1762.168,2.029,1718.199,2.029z M1734.873,1718.402c0,9.195-7.479,16.679-16.674,16.679H81.579 c-9.204,0-16.683-7.483-16.683-16.679V340.556h1669.977V1718.402z M1734.873,277.485H64.896V81.77c0-9.19,7.479-16.67,16.683-16.67 h1636.62c9.194,0,16.674,7.479,16.674,16.67V277.485z\"><\/path><circle cx=\"201.36\" cy=\"168.237\" r=\"50.682\"><\/circle><circle cx=\"361.29\" cy=\"168.237\" r=\"50.682\"><\/circle><circle cx=\"521.221\" cy=\"168.237\" r=\"50.682\"><\/circle><path d=\"M691.019,1349.104c4.712,2.503,9.771,3.687,14.76,3.687c11.293,0,22.218-6.085,27.884-16.753 l362.28-682.476c8.166-15.385,2.314-34.475-13.066-42.64c-15.385-8.166-34.474-2.31-42.639,13.067l-362.291,682.476 C669.782,1321.85,675.634,1340.939,691.019,1349.104z\"><\/path><path d=\"M281.378,967.035c0.018,0.29,0.062,0.576,0.083,0.871c0.181,2.38,0.647,4.765,1.395,7.114 c0.105,0.325,0.184,0.659,0.299,0.984c0.136,0.388,0.317,0.771,0.471,1.153c0.233,0.599,0.466,1.193,0.739,1.773 c0.021,0.048,0.04,0.102,0.066,0.153c0.057,0.124,0.141,0.229,0.202,0.353c0.537,1.091,1.144,2.143,1.804,3.162 c0.176,0.282,0.352,0.561,0.542,0.832c0.743,1.078,1.544,2.12,2.424,3.103c0.163,0.18,0.338,0.339,0.501,0.514 c0.739,0.788,1.526,1.541,2.354,2.254c0.303,0.259,0.603,0.515,0.911,0.765c0.858,0.688,1.75,1.333,2.692,1.936 c0.176,0.115,0.344,0.247,0.524,0.356c0.928,0.567,1.888,1.091,2.891,1.57l315.32,150.776c4.391,2.098,9.019,3.092,13.581,3.092 c11.769,0,23.058-6.616,28.469-17.941c7.515-15.71,0.871-34.54-14.844-42.055L385.988,965.481l255.813-122.323 c15.715-7.514,22.359-26.344,14.844-42.055c-7.51-15.714-26.344-22.367-42.05-14.848L299.592,936.882 c-0.009,0.004-0.018,0.004-0.022,0.008l-0.295,0.141c-0.264,0.128-0.501,0.282-0.761,0.414c-0.633,0.321-1.263,0.646-1.874,1.016 c-0.356,0.212-0.69,0.449-1.038,0.678c-0.515,0.335-1.034,0.674-1.536,1.042c-0.37,0.274-0.712,0.573-1.074,0.859 c-0.44,0.36-0.879,0.712-1.307,1.1c-0.356,0.325-0.695,0.673-1.033,1.012c-0.388,0.383-0.774,0.761-1.145,1.166 c-0.343,0.383-0.66,0.779-0.981,1.175c-0.33,0.396-0.66,0.787-0.968,1.205c-0.334,0.453-0.638,0.919-0.946,1.391 c-0.255,0.392-0.528,0.774-0.77,1.179c-0.331,0.55-0.621,1.117-0.911,1.681c-0.167,0.317-0.352,0.607-0.501,0.928 c-0.026,0.054-0.044,0.103-0.066,0.154c-0.273,0.581-0.506,1.175-0.739,1.769c-0.154,0.388-0.335,0.77-0.471,1.157 c-0.115,0.325-0.194,0.66-0.299,0.99c-0.748,2.345-1.214,4.729-1.395,7.109c-0.022,0.291-0.066,0.581-0.083,0.872 c-0.027,0.518-0.005,1.037-0.005,1.556C281.373,965.997,281.351,966.512,281.378,967.035z\"><\/path><path d=\"M1117.246,1129.855c5.411,11.325,16.705,17.941,28.474,17.941c4.558,0,9.19-0.994,13.576-3.092 l315.321-150.776c1.003-0.479,1.967-1.003,2.89-1.57c0.181-0.109,0.349-0.241,0.523-0.356c0.942-0.603,1.839-1.248,2.692-1.936 c0.313-0.25,0.612-0.506,0.916-0.765c0.826-0.713,1.61-1.466,2.35-2.254c0.166-0.175,0.343-0.334,0.501-0.514 c0.88-0.982,1.681-2.024,2.429-3.103c0.184-0.271,0.361-0.55,0.54-0.832c0.661-1.02,1.268-2.071,1.805-3.162 c0.063-0.124,0.145-0.229,0.202-0.353c0.022-0.052,0.039-0.105,0.065-0.153c0.274-0.58,0.503-1.175,0.74-1.773 c0.153-0.383,0.334-0.766,0.47-1.153c0.115-0.325,0.193-0.659,0.301-0.984c0.746-2.35,1.209-4.734,1.393-7.114 c0.022-0.295,0.066-0.581,0.081-0.871c0.026-0.523,0.008-1.038,0.008-1.554c0-0.519,0.019-1.038-0.008-1.556 c-0.015-0.291-0.059-0.581-0.081-0.872c-0.184-2.381-0.646-4.765-1.393-7.109c-0.107-0.33-0.186-0.665-0.301-0.99 c-0.136-0.388-0.316-0.77-0.47-1.157c-0.237-0.594-0.466-1.188-0.74-1.769c-0.026-0.052-0.043-0.101-0.065-0.154 c-0.154-0.32-0.34-0.616-0.506-0.928c-0.291-0.567-0.58-1.131-0.906-1.681c-0.246-0.408-0.52-0.802-0.783-1.197 c-0.304-0.457-0.599-0.923-0.933-1.368c-0.316-0.427-0.655-0.831-0.994-1.236c-0.308-0.383-0.616-0.77-0.95-1.135 c-0.383-0.427-0.787-0.822-1.192-1.224c-0.321-0.319-0.638-0.646-0.973-0.954c-0.458-0.413-0.938-0.796-1.417-1.183 c-0.315-0.256-0.624-0.523-0.954-0.767c-0.559-0.418-1.14-0.795-1.72-1.174c-0.281-0.181-0.555-0.375-0.841-0.546 c-0.712-0.431-1.447-0.818-2.195-1.192c-0.167-0.079-0.316-0.18-0.483-0.26l-0.186-0.088c-0.062-0.03-0.132-0.065-0.197-0.097 l-314.938-150.59c-15.696-7.51-34.536-0.863-42.05,14.848c-7.515,15.711-0.867,34.541,14.844,42.055l255.817,122.323 l-255.817,122.319C1116.379,1095.315,1109.731,1114.146,1117.246,1129.855z\"><\/path><\/svg><\/span><\/div>\n\n\n\n<h3 id=\"wp-block-themeisle-blocks-advanced-heading-d04aa376\" class=\"wp-block-themeisle-blocks-advanced-heading wp-block-themeisle-blocks-advanced-heading-d04aa376\">Sitio web<\/h3>\n\n\n\n<p class=\"has-text-align-center\">Materiales y contenidos para aprobar sitio web del kit digital.<\/p>\n\n\n\n<div class=\"wp-block-buttons is-vertical is-content-justification-center is-layout-flex wp-container-core-buttons-is-layout-cc3cdef1 wp-block-buttons-is-layout-flex\">\n<div class=\"wp-block-button is-style-primary\"><a class=\"wp-block-button__link wp-element-button\" href=\"https:\/\/expedientes.guiaagentedigitalizador.com\/justificacion-sitio-web-kit-digital\/\">Ir<\/a><\/div>\n<\/div>\n<\/div>\n\n\n\n<div id=\"wp-block-themeisle-blocks-advanced-column-97fef47a\" class=\"wp-block-themeisle-blocks-advanced-column ticss-ec09b220\">\n<div id=\"wp-block-themeisle-blocks-font-awesome-icons-630d0a3f\" class=\"wp-block-themeisle-blocks-font-awesome-icons\"><span class=\"wp-block-themeisle-blocks-font-awesome-icons-container\"><svg xmlns=\"http:\/\/www.w3.org\/2000\/svg\" viewBox=\"0 0 1800 1800\"><path d=\"M1478.793,1242.979c0.031,0.006,0.061,0.006,0.094,0h3.281c13.289,0,25.162-8.314,29.709-20.8 l283.908-780.039c3.529-9.694,2.104-20.5-3.811-28.951c-5.919-8.447-15.582-13.479-25.899-13.479H1194.88H883.583H334.239 L263.73,208.149c-0.066-0.181-0.155-0.349-0.225-0.53c-0.238-0.609-0.494-1.204-0.768-1.791c-0.181-0.397-0.366-0.79-0.564-1.177 c-0.255-0.499-0.524-0.984-0.807-1.465c-0.261-0.45-0.525-0.896-0.807-1.332c-0.251-0.384-0.516-0.758-0.781-1.129 c-0.348-0.484-0.697-0.965-1.067-1.424c-0.247-0.309-0.507-0.609-0.763-0.904c-0.415-0.476-0.833-0.948-1.27-1.398 c-0.274-0.278-0.561-0.542-0.843-0.812c-0.446-0.423-0.887-0.838-1.354-1.235c-0.335-0.282-0.688-0.551-1.032-0.821 c-0.437-0.334-0.874-0.675-1.323-0.987c-0.423-0.296-0.86-0.569-1.297-0.842c-0.401-0.251-0.803-0.503-1.212-0.736 c-0.508-0.287-1.028-0.547-1.549-0.807c-0.375-0.186-0.745-0.375-1.129-0.543c-0.555-0.247-1.121-0.468-1.693-0.688 c-0.384-0.145-0.768-0.291-1.156-0.423c-0.555-0.186-1.111-0.344-1.675-0.499c-0.451-0.124-0.9-0.242-1.35-0.348 c-0.507-0.115-1.015-0.208-1.53-0.3c-0.542-0.093-1.089-0.181-1.641-0.248c-0.441-0.052-0.882-0.097-1.328-0.128 c-0.635-0.052-1.271-0.083-1.905-0.097c-0.203-0.004-0.397-0.031-0.601-0.031H33.923c-17.461,0-31.615,14.153-31.615,31.615 c0,17.461,14.154,31.615,31.615,31.615h178.083L300.272,490.5l255.975,703.281c-0.123,0.308-0.273,0.604-0.393,0.921 l-86.934,236.188c-0.542,1.473-0.93,2.965-1.243,4.46c-1.821,3.996-2.862,8.42-2.862,13.095c0,17.461,14.154,31.616,31.615,31.616 h123.754c11.622,74.937,76.572,132.486,154.716,132.486c78.143,0,143.094-57.55,154.716-132.486h217.104 c11.621,74.937,76.574,132.486,154.717,132.486c78.144,0,143.093-57.55,154.716-132.486h87.688 c17.463,0,31.615-14.155,31.615-31.616c0-17.462-14.152-31.615-31.615-31.615h-90.789 c-17.421-67.456-78.792-117.429-151.614-117.429c-72.824,0-134.194,49.973-151.616,117.429H926.521 c-17.432-67.456-78.8-117.429-151.62-117.429c-72.819,0-134.189,49.973-151.62,117.429h-81.803l63.989-173.85H1478.793z M1216.813,1416.829c14.844-31.941,47.146-54.197,84.624-54.197c37.477,0,69.78,22.256,84.622,54.197 c5.539,11.921,8.72,25.153,8.72,39.145c0,8.341-1.205,16.386-3.264,24.087c-10.665,39.81-46.952,69.256-90.078,69.256 c-43.128,0-79.414-29.446-90.077-69.256c-2.061-7.701-3.265-15.746-3.265-24.087 C1208.096,1441.982,1211.274,1428.75,1216.813,1416.829z M690.278,1416.829c14.838-31.941,47.146-54.197,84.623-54.197 c37.477,0,69.785,22.256,84.622,54.197c5.541,11.921,8.72,25.153,8.72,39.145c0,8.341-1.203,16.386-3.267,24.087 c-10.661,39.81-46.947,69.256-90.075,69.256c-43.126,0-79.414-29.446-90.074-69.256c-2.064-7.701-3.268-15.746-3.268-24.087 C681.559,1441.982,684.739,1428.75,690.278,1416.829z M644.822,1179.748h-26.389l-20.453-56.187l-49.751-136.69h255.596v192.877 H644.822z M1553.244,923.641h-289.426V723.412h362.303L1553.244,923.641z M1200.588,923.641H867.055V723.412h333.533V923.641z M803.825,923.641H525.214l-72.876-200.229h351.487V923.641z M867.055,1179.748V986.871h333.533v192.877H867.055z M1480.479,1123.562l-20.449,56.187h-26.389h-169.822V986.871h266.412L1480.479,1123.562z M1649.132,660.181h-385.313V462.942 h457.104L1649.132,660.181z M905.72,462.942h267.024h27.844v197.239H867.055V462.942H905.72z M357.535,462.942h446.29v197.239 H429.327l-69.625-191.293c-0.005-0.004-0.005-0.004-0.005-0.004l-0.04-0.11L357.535,462.942z\"><\/path><\/svg><\/span><\/div>\n\n\n\n<h3 id=\"wp-block-themeisle-blocks-advanced-heading-d7ec2781\" class=\"wp-block-themeisle-blocks-advanced-heading wp-block-themeisle-blocks-advanced-heading-d7ec2781\">comercio electr\u00f3nico<\/h3>\n\n\n\n<p class=\"has-text-align-center\">Materiales y contenidos para aprobar comercio electr\u00f3nico del kit digital.<\/p>\n\n\n\n<div class=\"wp-block-buttons is-vertical is-content-justification-center is-layout-flex wp-container-core-buttons-is-layout-cc3cdef1 wp-block-buttons-is-layout-flex\">\n<div class=\"wp-block-button is-style-primary\"><a class=\"wp-block-button__link wp-element-button\" href=\"https:\/\/expedientes.guiaagentedigitalizador.com\/justificacion-comercio-electronico\/\">Ir<\/a><\/div>\n<\/div>\n<\/div>\n\n\n\n<div id=\"wp-block-themeisle-blocks-advanced-column-bf70d7b5\" class=\"wp-block-themeisle-blocks-advanced-column\">\n<div id=\"wp-block-themeisle-blocks-font-awesome-icons-a9e7dadc\" class=\"wp-block-themeisle-blocks-font-awesome-icons\"><span class=\"wp-block-themeisle-blocks-font-awesome-icons-container\"><svg xmlns=\"http:\/\/www.w3.org\/2000\/svg\" viewBox=\"0 0 1800 1800\"><path d=\"M1715.514,1630.048l-368.416-368.402c-17.967-17.977-41.866-27.874-67.281-27.874 c-13.782,0-27.071,3.003-39.257,8.527l-94.596-94.594c133.584-119.751,217.789-293.534,217.789-486.634 c0-360.375-293.193-653.561-653.572-653.561c-360.38,0-653.568,293.186-653.568,653.561c0,360.382,293.188,653.57,653.568,653.57 c146.069,0,281.087-48.174,390.033-129.453l96.854,96.862c-8.041,14.144-12.399,30.159-12.399,46.869 c0,25.42,9.897,49.314,27.868,67.283l368.407,368.423c17.972,17.968,41.862,27.865,67.283,27.865 c25.42,0,49.318-9.902,67.29-27.874c17.972-17.971,27.869-41.867,27.869-67.287 C1743.387,1671.914,1733.489,1648.02,1715.514,1630.048z M118.546,661.071c0-326.224,265.405-591.627,591.634-591.627 c326.229,0,591.638,265.403,591.638,591.627c0,326.231-265.408,591.636-591.638,591.636 C383.952,1252.707,118.546,987.302,118.546,661.071z M1671.72,1720.823c-6.272,6.277-14.62,9.733-23.492,9.733 c-8.879,0-17.222-3.456-23.489-9.726l-368.407-368.424c-6.272-6.272-9.728-14.614-9.728-23.488c0-8.873,3.455-17.215,9.732-23.488 c6.269-6.273,14.605-9.726,23.48-9.726c8.869,0,17.211,3.452,23.488,9.733l368.415,368.406c6.276,6.273,9.733,14.615,9.733,23.484 C1681.453,1706.203,1677.996,1714.547,1671.72,1720.823z\"><\/path><path d=\"M733.941,187.121c145.201,0,427.813,158.624,427.813,449.396c0,17.104,13.863,30.967,30.968,30.967 c17.104,0,30.968-13.863,30.968-30.967c0-145.848-64.515-281.118-181.66-380.892c-93.039-79.241-213.969-130.439-308.088-130.439 c-17.104,0-30.967,13.864-30.967,30.967C702.974,173.257,716.838,187.121,733.941,187.121z\"><\/path><\/svg><\/span><\/div>\n\n\n\n<h3 id=\"wp-block-themeisle-blocks-advanced-heading-7bc02371\" class=\"wp-block-themeisle-blocks-advanced-heading wp-block-themeisle-blocks-advanced-heading-7bc02371\">Presencia avanzada<\/h3>\n\n\n\n<p class=\"has-text-align-center\">Materiales y contenidos para aprobar presencia avanzada del kit digital.<\/p>\n\n\n\n<div class=\"wp-block-buttons is-vertical is-content-justification-center is-layout-flex wp-container-core-buttons-is-layout-cc3cdef1 wp-block-buttons-is-layout-flex\">\n<div class=\"wp-block-button is-style-primary\"><a class=\"wp-block-button__link wp-element-button\" href=\"https:\/\/expedientes.guiaagentedigitalizador.com\/justificacion-presencia-avanzado\/\">Ir<\/a><\/div>\n<\/div>\n<\/div>\n\n\n\n<div id=\"wp-block-themeisle-blocks-advanced-column-84e5110d\" class=\"wp-block-themeisle-blocks-advanced-column\">\n<div id=\"wp-block-themeisle-blocks-font-awesome-icons-65797ff3\" class=\"wp-block-themeisle-blocks-font-awesome-icons\"><span class=\"wp-block-themeisle-blocks-font-awesome-icons-container\"><svg xmlns=\"http:\/\/www.w3.org\/2000\/svg\" viewBox=\"0 0 1800 1800\"><path d=\"M1203.175,843.2c-17.272,0-31.273-14-31.273-31.273c0-116.959-117.688-177.271-167.899-177.271 c-17.272,0-31.273-14.001-31.273-31.273s14.001-31.272,31.273-31.272c80.425,0,230.445,82.364,230.445,239.817 C1234.447,829.2,1220.447,843.2,1203.175,843.2z\"><\/path><path d=\"M1012.309,1788.987H787.691c-15.351,0-28.433-11.143-30.876-26.299l-30.721-190.718 c-62.62-16.151-122.402-40.937-178.231-73.885L391.23,1611.258c-12.442,8.983-29.575,7.622-40.428-3.237l-158.825-158.829 c-10.855-10.854-12.227-27.983-3.235-40.427l113.17-156.626c-32.943-55.81-57.731-115.603-73.889-178.231l-190.716-30.723 c-15.156-2.443-26.299-15.523-26.299-30.876V787.688c0-15.353,11.143-28.433,26.299-30.876l190.716-30.717 c16.157-62.633,40.945-122.426,73.887-178.237L188.742,391.235c-8.992-12.443-7.62-29.571,3.235-40.429l158.825-158.834 c10.856-10.854,27.989-12.225,40.428-3.235l156.631,113.17c55.823-32.951,115.604-57.731,178.233-73.885l30.721-190.711 c2.443-15.157,15.525-26.299,30.876-26.299h224.617c15.353,0,28.433,11.143,30.876,26.299l30.723,190.713 c62.629,16.151,122.418,40.938,178.231,73.889l156.631-113.172c12.438-8.994,29.563-7.62,40.431,3.235l158.825,158.829 c10.854,10.855,12.225,27.985,3.232,40.429L1498.09,547.861c32.957,55.832,57.738,115.611,73.89,178.233l190.713,30.717 c15.156,2.443,26.3,15.523,26.3,30.876v224.621c0,15.353-11.144,28.433-26.3,30.876l-190.718,30.723 c-16.155,62.629-40.94,122.422-73.885,178.231l113.168,156.631c8.992,12.442,7.622,29.571-3.232,40.431L1449.2,1608.025 c-10.855,10.859-27.988,12.22-40.431,3.232l-156.64-113.172c-55.81,32.943-115.598,57.729-178.223,73.88l-30.723,190.723 C1040.741,1777.845,1027.661,1788.987,1012.309,1788.987z M814.331,1726.441h171.338l29.794-184.958 c2.033-12.613,11.535-22.727,24-25.536c70.089-15.798,136.509-43.327,197.41-81.83c10.789-6.827,24.659-6.404,35.025,1.087 l151.91,109.756l121.151-121.151l-109.752-151.901c-7.482-10.357-7.914-24.223-1.086-35.025 c38.498-60.901,66.031-127.325,81.843-197.423c2.81-12.465,12.918-21.963,25.531-23.996l184.95-29.794V814.327l-184.95-29.79 c-12.613-2.033-22.727-11.535-25.536-24c-15.793-70.076-43.327-136.498-81.838-197.419c-6.828-10.8-6.396-24.667,1.086-35.025 l109.752-151.897L1423.809,255.04l-151.901,109.756c-10.362,7.482-24.231,7.912-35.029,1.084 c-60.901-38.504-127.321-66.041-197.415-81.838c-12.465-2.81-21.967-12.918-24-25.533l-29.794-184.95h-171.34l-29.792,184.945 c-2.033,12.615-11.533,22.724-23.998,25.534c-70.089,15.802-136.511,43.336-197.421,81.836 c-10.805,6.828-24.667,6.394-35.025-1.086L376.192,255.036L255.04,376.196l109.752,151.893 c7.484,10.357,7.914,24.225,1.086,35.025c-38.495,60.898-66.031,127.323-81.84,197.428 c-2.813,12.462-12.921,21.962-25.534,23.995l-184.95,29.79v171.342l184.95,29.794c12.613,2.033,22.722,11.531,25.534,23.996 c15.806,70.098,43.342,136.521,81.84,197.423c6.828,10.803,6.398,24.668-1.086,35.025L255.04,1423.804l121.152,121.156 l151.901-109.756c10.353-7.486,24.223-7.919,35.023-1.087c60.923,38.503,127.345,66.036,197.423,81.839 c12.464,2.81,21.964,12.918,23.998,25.531L814.331,1726.441z\"><\/path><path d=\"M900,1380.974c-265.211,0-480.978-215.769-480.978-480.982c0-265.211,215.767-480.978,480.978-480.978 c265.218,0,480.987,215.767,480.987,480.978C1380.987,1165.205,1165.218,1380.974,900,1380.974z M900,481.56 c-230.725,0-418.432,187.707-418.432,418.432c0,230.726,187.708,418.437,418.432,418.437 c230.729,0,418.441-187.711,418.441-418.437C1318.441,669.267,1130.729,481.56,900,481.56z\"><\/path><\/svg><\/span><\/div>\n\n\n\n<h3 id=\"wp-block-themeisle-blocks-advanced-heading-451927e8\" class=\"wp-block-themeisle-blocks-advanced-heading wp-block-themeisle-blocks-advanced-heading-451927e8\">Gesti\u00f3n de procesos<\/h3>\n\n\n\n<p class=\"has-text-align-center\">Materiales y contenidos para aprobar gesti\u00f3n de procesos del kit digital.<\/p>\n\n\n\n<div class=\"wp-block-buttons is-vertical is-content-justification-center is-layout-flex wp-container-core-buttons-is-layout-cc3cdef1 wp-block-buttons-is-layout-flex\">\n<div class=\"wp-block-button is-style-primary\"><a class=\"wp-block-button__link wp-element-button\" href=\"https:\/\/expedientes.guiaagentedigitalizador.com\/justificacion-gestion-procesos\/\">Ir<\/a><\/div>\n<\/div>\n<\/div>\n<\/div><\/div>\n<\/div>\n<\/div><\/div>\n","protected":false},"excerpt":{"rendered":"<p>Plazos de presentaci\u00f3n y justificaci\u00f3n kit digital Para que teng\u00e1is siempre a mano los plazos en los que funciona el kit digital Modelo de baja de servicio \u00bfy que es esto? Pues bien, te explico, imag\u00ednate que le implantas un CRM a un cliente con el kit digital y al a\u00f1o y pico te cae&hellip;&nbsp;<a href=\"https:\/\/expedientes.guiaagentedigitalizador.com\/?page_id=844\" rel=\"bookmark\">Continue<span class=\"screen-reader-text\">Justificaci\u00f3n kit digital<\/span><\/a><\/p>\n","protected":false},"author":1,"featured_media":0,"parent":0,"menu_order":0,"comment_status":"closed","ping_status":"closed","template":"","meta":{"_acf_changed":false,"neve_meta_sidebar":"","neve_meta_container":"","neve_meta_enable_content_width":"","neve_meta_content_width":0,"neve_meta_title_alignment":"","neve_meta_author_avatar":"","neve_post_elements_order":"","neve_meta_disable_header":"","neve_meta_disable_footer":"","neve_meta_disable_title":"on","neve_meta_reading_time":"","_themeisle_gutenberg_block_has_review":false,"footnotes":""},"class_list":["post-844","page","type-page","status-publish","hentry"],"acf":[],"_links":{"self":[{"href":"https:\/\/expedientes.guiaagentedigitalizador.com\/index.php?rest_route=\/wp\/v2\/pages\/844","targetHints":{"allow":["GET"]}}],"collection":[{"href":"https:\/\/expedientes.guiaagentedigitalizador.com\/index.php?rest_route=\/wp\/v2\/pages"}],"about":[{"href":"https:\/\/expedientes.guiaagentedigitalizador.com\/index.php?rest_route=\/wp\/v2\/types\/page"}],"author":[{"embeddable":true,"href":"https:\/\/expedientes.guiaagentedigitalizador.com\/index.php?rest_route=\/wp\/v2\/users\/1"}],"replies":[{"embeddable":true,"href":"https:\/\/expedientes.guiaagentedigitalizador.com\/index.php?rest_route=%2Fwp%2Fv2%2Fcomments&post=844"}],"version-history":[{"count":24,"href":"https:\/\/expedientes.guiaagentedigitalizador.com\/index.php?rest_route=\/wp\/v2\/pages\/844\/revisions"}],"predecessor-version":[{"id":1314,"href":"https:\/\/expedientes.guiaagentedigitalizador.com\/index.php?rest_route=\/wp\/v2\/pages\/844\/revisions\/1314"}],"wp:attachment":[{"href":"https:\/\/expedientes.guiaagentedigitalizador.com\/index.php?rest_route=%2Fwp%2Fv2%2Fmedia&parent=844"}],"curies":[{"name":"wp","href":"https:\/\/api.w.org\/{rel}","templated":true}]}}