{"id":568,"date":"2024-06-26T14:31:41","date_gmt":"2024-06-26T12:31:41","guid":{"rendered":"https:\/\/expedientes.guiaagentedigitalizador.com\/?page_id=568"},"modified":"2024-07-30T21:59:18","modified_gmt":"2024-07-30T19:59:18","slug":"recursos-justificacion-presencia-web","status":"publish","type":"page","link":"https:\/\/expedientes.guiaagentedigitalizador.com\/?page_id=568","title":{"rendered":"Recursos justificacion presencia web"},"content":{"rendered":"\n<div id=\"wp-block-themeisle-blocks-advanced-columns-a879ea02\" class=\"wp-block-themeisle-blocks-advanced-columns alignfull has-1-columns has-desktop-equal-layout has-tablet-equal-layout has-mobile-collapsedRows-layout has-vertical-center ticss-c00aadba has-light-bg\"><div class=\"wp-block-themeisle-blocks-advanced-columns-overlay\"><\/div><div class=\"innerblocks-wrap\">\n<div id=\"wp-block-themeisle-blocks-advanced-column-b91fff75\" class=\"wp-block-themeisle-blocks-advanced-column\">\n<h1 class=\"wp-block-heading has-nv-text-dark-bg-color has-text-color has-link-color wp-elements-b59a743df8f9ff66563c68ddc0c88eb5\"><strong>Recursos adicionales para justificaci\u00f3n de sitio web y presencia b\u00e1sica en internet<\/strong><\/h1>\n\n\n\n<p class=\"has-nv-text-dark-bg-color has-text-color has-link-color wp-elements-fb2a9568b27a603173b4c55ad042fdf8\">Otros recursos \u00fatiles para realizar la justificaci\u00f3n de sitio web y presencia b\u00e1sica en internet.<\/p>\n<\/div>\n<\/div><\/div>\n\n\n\n<div style=\"height:65px\" aria-hidden=\"true\" class=\"wp-block-spacer\"><\/div>\n\n\n\n<h2 class=\"wp-block-heading has-neve-link-color-color has-text-color has-link-color wp-elements-6f21817e5cae1bf538f5fd7d93f297cb\">Primera justificaci\u00f3n Sitio web y Presencia b\u00e1sica en internet<\/h2>\n\n\n\n<div style=\"height:65px\" aria-hidden=\"true\" class=\"wp-block-spacer\"><\/div>\n\n\n\n<h3 class=\"wp-block-heading has-neve-link-color-color has-text-color has-link-color wp-elements-e86bdeeae902c7c0827e08e1f6f274da\">Directorios de empresas validados<\/h3>\n\n\n\n<p>Directorios de empresas que han sido validados para el requisito de<em> Posicionamiento b\u00e1sico en directorios de empresas<\/em>:<\/p>\n\n\n\n<div id=\"wp-block-themeisle-blocks-tabs-fe3d359f\" class=\"wp-block-themeisle-blocks-tabs\"><div class=\"wp-block-themeisle-blocks-tabs__content\">\n<div data-title=\"Instrucciones\" class=\"wp-block-themeisle-blocks-tabs-item\"><div class=\"wp-block-themeisle-blocks-tabs-item__header\" tabindex=\"0\">Instrucciones<\/div><div class=\"wp-block-themeisle-blocks-tabs-item__content\">\n<p>Con incluir tres, es m\u00e1s que suficiente. Intentad rellenar las fichas al m\u00e1ximo para evitar subsanaciones, poned url, direcci\u00f3n, logo de la empresa, alguna descripci\u00f3n, etc..<\/p>\n\n\n\n<p>En las capturas se debe evidenciar:<\/p>\n\n\n\n<ul class=\"wp-block-list\">\n<li>Url del beneficiario<\/li>\n\n\n\n<li>Alg\u00fan dato m\u00e1s como la direcci\u00f3n<br><\/li>\n<\/ul>\n\n\n\n<p>Mi consejo es <strong>validar la ficha de google my business y luego dar de alta en cylex<\/strong> que te crea ficha tambi\u00e9n en firman\u00eda en 10 minutos<\/p>\n<\/div><\/div>\n\n\n\n<div data-title=\"Recursos\" class=\"wp-block-themeisle-blocks-tabs-item\"><div class=\"wp-block-themeisle-blocks-tabs-item__header\" tabindex=\"0\">Recursos<\/div><div class=\"wp-block-themeisle-blocks-tabs-item__content\">\n<p>Listado de directorios de empresas validados:<\/p>\n\n\n\n<ul class=\"wp-block-list\">\n<li><a href=\"https:\/\/www.google.com\/intl\/es_es\/business\/\" target=\"_blank\" rel=\"noreferrer noopener\">https:\/\/www.google.com\/intl\/es_es\/business\/<\/a><\/li>\n\n\n\n<li><a href=\"https:\/\/www.bingplaces.com\/\" target=\"_blank\" rel=\"noreferrer noopener\">https:\/\/www.bingplaces.com\/<\/a><\/li>\n\n\n\n<li><a href=\"https:\/\/www.yelp.es\/\" target=\"_blank\" rel=\"noreferrer noopener\">https:\/\/www.yelp.es\/<\/a><\/li>\n\n\n\n<li><a href=\"https:\/\/www.11870.com\/\" target=\"_blank\" rel=\"noreferrer noopener\">https:\/\/www.11870.com\/<\/a><\/li>\n\n\n\n<li><a href=\"https:\/\/mapsconnect.apple.com\/\" target=\"_blank\" rel=\"noreferrer noopener\">https:\/\/mapsconnect.apple.com\/<\/a><\/li>\n\n\n\n<li><a href=\"https:\/\/www.axesor.es\/directorios.aspx\" target=\"_blank\" rel=\"noreferrer noopener\">https:\/\/www.axesor.es\/directorios.aspx<\/a><\/li>\n\n\n\n<li><a href=\"https:\/\/www.europages.es\/\" target=\"_blank\" rel=\"noreferrer noopener\">https:\/\/www.europages.es\/<\/a><a href=\"https:\/\/es-es.facebook.com\/places\/\" target=\"_blank\" rel=\"noreferrer noopener\">https:\/\/es-es.facebook.com\/places\/<\/a><\/li>\n\n\n\n<li><a href=\"https:\/\/foursquare.com\/\" target=\"_blank\" rel=\"noreferrer noopener\">https:\/\/foursquare.com\/<\/a><\/li>\n\n\n\n<li><a href=\"https:\/\/www.hotfrog.es\/\" target=\"_blank\" rel=\"noreferrer noopener\">https:\/\/www.hotfrog.es\/<\/a><\/li>\n\n\n\n<li><a href=\"https:\/\/www.figma.com\/\" target=\"_blank\" rel=\"noreferrer noopener\">https:\/\/www.figma.com\/<\/a><\/li>\n\n\n\n<li><a href=\"http:\/\/cylex.es\/\" target=\"_blank\" rel=\"noreferrer noopener\">http:\/\/Cylex.es<\/a> (al a\u00f1adir aqu\u00ed te ponen tambi\u00e9n en <a href=\"https:\/\/firmania.es\/\" target=\"_blank\" rel=\"noreferrer noopener\">firmania.es<\/a>) <\/li>\n\n\n\n<li><a href=\"https:\/\/www.proveedores.com\/\" target=\"_blank\" rel=\"noreferrer noopener\">https:\/\/www.proveedores.com\/<\/a><\/li>\n\n\n\n<li><a href=\"https:\/\/www.citiservi.es\/\" target=\"_blank\" rel=\"noreferrer noopener\">https:\/\/www.citiservi.es\/<\/a><\/li>\n\n\n\n<li><a href=\"https:\/\/www.infobel.com\/es\/spain\/\" target=\"_blank\" rel=\"noreferrer noopener\">https:\/\/www.infobel.com\/es\/spain\/<\/a><\/li>\n\n\n\n<li><a href=\"https:\/\/es.trustpilot.com\/\" target=\"_blank\" rel=\"noreferrer noopener\">https:\/\/es.trustpilot.com\/<\/a><\/li>\n\n\n\n<li><a href=\"https:\/\/www.donde-estamos.es\/\" target=\"_blank\" rel=\"noreferrer noopener\">https:\/\/www.donde-estamos.es\/<\/a><\/li>\n\n\n\n<li><a href=\"https:\/\/www.101empresas.com\/\" target=\"_blank\" rel=\"noreferrer noopener\">https:\/\/www.101empresas.com\/<\/a><\/li>\n\n\n\n<li><a href=\"https:\/\/www.horariosytiendas.es\/\" target=\"_blank\" rel=\"noreferrer noopener\">https:\/\/www.horariosytiendas.es\/<\/a><\/li>\n\n\n\n<li><a href=\"https:\/\/www.11870.com\/\" target=\"_blank\" rel=\"noreferrer noopener\">https:\/\/www.11870.com\/<\/a><\/li>\n<\/ul>\n<\/div><\/div>\n<\/div><\/div>\n\n\n\n<h2 class=\"wp-block-heading has-neve-link-color-color has-text-color has-link-color wp-elements-d82d457e5db22d9563d584096e273649\">Segunda justificaci\u00f3n Sitio web y Presencia b\u00e1sica en internet<\/h2>\n\n\n\n<div style=\"height:65px\" aria-hidden=\"true\" class=\"wp-block-spacer\"><\/div>\n\n\n\n<h3 class=\"wp-block-heading has-neve-link-color-color has-text-color has-link-color wp-elements-fa0d548de4aa6461808126b4fa0f93f1\">Captura de pantalla que acredite el mantenimiento, a lo largo de los 12 meses, del<br>dominio<\/h3>\n\n\n\n<p>Certificado de titularidad del dominio  que muestre el mantenimiento del dominio a lo largo de los 12 meses a nombre del Beneficiario o de alguno de sus representantes legales<\/p>\n\n\n\n<div id=\"wp-block-themeisle-blocks-tabs-90fccd43\" class=\"wp-block-themeisle-blocks-tabs\"><div class=\"wp-block-themeisle-blocks-tabs__content\">\n<div data-title=\"Instrucciones\" class=\"wp-block-themeisle-blocks-tabs-item\"><div class=\"wp-block-themeisle-blocks-tabs-item__header\" tabindex=\"0\">Instrucciones<\/div><div class=\"wp-block-themeisle-blocks-tabs-item__content\">\n<p>Para que nuestro certificado de titularidad de dominio no d\u00e9 ning\u00fan problema, debe incluir:<\/p>\n\n\n\n<ul class=\"wp-block-list\">\n<li>Url del beneficiario<\/li>\n\n\n\n<li>Datos identificativos del beneficiario, raz\u00f3n social y si puede ser NIF tambi\u00e9n<\/li>\n\n\n\n<li>Fecha de alta<\/li>\n\n\n\n<li>Fecha de caducidad<\/li>\n\n\n\n<li>Firma de la entidad que expide el certificado<\/li>\n\n\n\n<li>La fecha de alta o renovaci\u00f3n tiene que haber sido anterior al inicio de prestaci\u00f3n del servicio<\/li>\n\n\n\n<li>Debe de haber estado dado de alta durante 12 meses.<\/li>\n<\/ul>\n<\/div><\/div>\n\n\n\n<div data-title=\"Ejemplo final\" class=\"wp-block-themeisle-blocks-tabs-item\"><div class=\"wp-block-themeisle-blocks-tabs-item__header\" tabindex=\"0\">Ejemplo final<\/div><div class=\"wp-block-themeisle-blocks-tabs-item__content\">\n<div data-wp-interactive=\"core\/file\" class=\"wp-block-file\"><object data-wp-bind--hidden=\"!state.hasPdfPreview\" hidden class=\"wp-block-file__embed\" data=\"https:\/\/expedientes.guiaagentedigitalizador.com\/wp-content\/uploads\/2024\/06\/certificado-titularidad.pdf\" type=\"application\/pdf\" style=\"width:100%;height:600px\" aria-label=\"Incrustado de certificado titularidad del dominio.\"><\/object><a id=\"wp-block-file--media-8c6d4d51-eaae-416a-99b3-7c33a8e8309f\" href=\"https:\/\/expedientes.guiaagentedigitalizador.com\/wp-content\/uploads\/2024\/06\/certificado-titularidad.pdf\">certificado titularidad del dominio<\/a><a href=\"https:\/\/expedientes.guiaagentedigitalizador.com\/wp-content\/uploads\/2024\/06\/certificado-titularidad.pdf\" class=\"wp-block-file__button wp-element-button\" download aria-describedby=\"wp-block-file--media-8c6d4d51-eaae-416a-99b3-7c33a8e8309f\">Descarga<\/a><\/div>\n<\/div><\/div>\n\n\n\n<div data-title=\"Recursos\" class=\"wp-block-themeisle-blocks-tabs-item\"><div class=\"wp-block-themeisle-blocks-tabs-item__header\" tabindex=\"0\">Recursos<\/div><div class=\"wp-block-themeisle-blocks-tabs-item__content\">\n<p>Un proveedor que hasta ahora nunca ha fallado es <a href=\"https:\/\/www.dondominio.com\/es\/\" data-type=\"link\" data-id=\"https:\/\/www.dondominio.com\/es\/\">Dondominio<\/a><\/p>\n<\/div><\/div>\n<\/div><\/div>\n","protected":false},"excerpt":{"rendered":"<p>Primera justificaci\u00f3n Sitio web y Presencia b\u00e1sica en internet Directorios de empresas validados Directorios de empresas que han sido validados para el requisito de Posicionamiento b\u00e1sico en directorios de empresas: Segunda justificaci\u00f3n Sitio web y Presencia b\u00e1sica en internet Captura de pantalla que acredite el mantenimiento, a lo largo de los 12 meses, deldominio Certificado&hellip;&nbsp;<a href=\"https:\/\/expedientes.guiaagentedigitalizador.com\/?page_id=568\" rel=\"bookmark\">Continue<span class=\"screen-reader-text\">Recursos justificacion presencia web<\/span><\/a><\/p>\n","protected":false},"author":1,"featured_media":0,"parent":0,"menu_order":0,"comment_status":"closed","ping_status":"closed","template":"","meta":{"_acf_changed":false,"neve_meta_sidebar":"","neve_meta_container":"","neve_meta_enable_content_width":"","neve_meta_content_width":0,"neve_meta_title_alignment":"","neve_meta_author_avatar":"","neve_post_elements_order":"","neve_meta_disable_header":"","neve_meta_disable_footer":"","neve_meta_disable_title":"on","neve_meta_reading_time":"","_themeisle_gutenberg_block_has_review":false,"footnotes":""},"class_list":["post-568","page","type-page","status-publish","hentry"],"acf":[],"_links":{"self":[{"href":"https:\/\/expedientes.guiaagentedigitalizador.com\/index.php?rest_route=\/wp\/v2\/pages\/568","targetHints":{"allow":["GET"]}}],"collection":[{"href":"https:\/\/expedientes.guiaagentedigitalizador.com\/index.php?rest_route=\/wp\/v2\/pages"}],"about":[{"href":"https:\/\/expedientes.guiaagentedigitalizador.com\/index.php?rest_route=\/wp\/v2\/types\/page"}],"author":[{"embeddable":true,"href":"https:\/\/expedientes.guiaagentedigitalizador.com\/index.php?rest_route=\/wp\/v2\/users\/1"}],"replies":[{"embeddable":true,"href":"https:\/\/expedientes.guiaagentedigitalizador.com\/index.php?rest_route=%2Fwp%2Fv2%2Fcomments&post=568"}],"version-history":[{"count":7,"href":"https:\/\/expedientes.guiaagentedigitalizador.com\/index.php?rest_route=\/wp\/v2\/pages\/568\/revisions"}],"predecessor-version":[{"id":907,"href":"https:\/\/expedientes.guiaagentedigitalizador.com\/index.php?rest_route=\/wp\/v2\/pages\/568\/revisions\/907"}],"wp:attachment":[{"href":"https:\/\/expedientes.guiaagentedigitalizador.com\/index.php?rest_route=%2Fwp%2Fv2%2Fmedia&parent=568"}],"curies":[{"name":"wp","href":"https:\/\/api.w.org\/{rel}","templated":true}]}}