{"id":540,"date":"2024-06-25T11:03:14","date_gmt":"2024-06-25T09:03:14","guid":{"rendered":"https:\/\/expedientes.guiaagentedigitalizador.com\/?page_id=540"},"modified":"2024-10-29T21:05:59","modified_gmt":"2024-10-29T20:05:59","slug":"plantilla-sitio-web-kit-digital","status":"publish","type":"page","link":"https:\/\/expedientes.guiaagentedigitalizador.com\/?page_id=540","title":{"rendered":"Plantilla justificaci\u00f3n sitio web del kit digital"},"content":{"rendered":"\n<div id=\"wp-block-themeisle-blocks-advanced-columns-a879ea02\" class=\"wp-block-themeisle-blocks-advanced-columns alignfull has-1-columns has-desktop-equal-layout has-tablet-equal-layout has-mobile-collapsedRows-layout has-vertical-center ticss-c00aadba has-light-bg\"><div class=\"wp-block-themeisle-blocks-advanced-columns-overlay\"><\/div><div class=\"innerblocks-wrap\">\n<div id=\"wp-block-themeisle-blocks-advanced-column-b91fff75\" class=\"wp-block-themeisle-blocks-advanced-column\">\n<h1 class=\"wp-block-heading has-nv-text-dark-bg-color has-text-color has-link-color wp-elements-4e18656dd0357adb8c300cccf30542d5\"><strong>Plantillas y ejemplos para Sitio web y Presencia b\u00e1sica en internet<\/strong><\/h1>\n\n\n\n<p class=\"has-nv-text-dark-bg-color has-text-color has-link-color wp-elements-5d4db90a4ebe12c6265826708d3bc84c\">Una recopilaci\u00f3n de plantillas, modelos y ejemplos <strong>validados por la comunidad<\/strong> (y por este tipo tan majo que yo soy) listos para ser reutilizados y salvaros de m\u00e1s de una subsanaci\u00f3n.<\/p>\n<\/div>\n<\/div><\/div>\n\n\n\n<div style=\"height:100px\" aria-hidden=\"true\" class=\"wp-block-spacer\"><\/div>\n\n\n\n<div style=\"height:100px\" aria-hidden=\"true\" class=\"wp-block-spacer\"><\/div>\n\n\n\n<h2 class=\"wp-block-heading has-neve-link-color-color has-text-color has-link-color wp-elements-6f21817e5cae1bf538f5fd7d93f297cb\">Primera justificaci\u00f3n Sitio web y Presencia b\u00e1sica en internet<\/h2>\n\n\n\n<div style=\"height:65px\" aria-hidden=\"true\" class=\"wp-block-spacer\"><\/div>\n\n\n\n<h3 class=\"wp-block-heading has-neve-link-color-color has-text-color has-link-color wp-elements-1b85ec21832f3498e82ad09f7d45f903\">Evidencias de la prestaci\u00f3n del servicio<\/h3>\n\n\n\n<p>Ejemplo descargable con   anotaciones para hacerte la vida m\u00e1s sencilla.<\/p>\n\n\n\n<div id=\"wp-block-themeisle-blocks-tabs-e4de9216\" class=\"wp-block-themeisle-blocks-tabs\"><div class=\"wp-block-themeisle-blocks-tabs__content\">\n<div data-title=\"Ejemplo descargable\" class=\"wp-block-themeisle-blocks-tabs-item\"><div class=\"wp-block-themeisle-blocks-tabs-item__header\" tabindex=\"0\">Ejemplo descargable<\/div><div class=\"wp-block-themeisle-blocks-tabs-item__content\">\n<div class=\"wp-block-woocommerce-memberships-member-content\">\n<div class=\"wp-block-file\"><a id=\"wp-block-file--media-34fb77f8-8d10-4984-8cb5-2a632fab9031\" href=\"https:\/\/expedientes.guiaagentedigitalizador.com\/wp-content\/uploads\/2024\/07\/PKD_PRC_Sitio_Web1.02.docx\">PKD &#8211; Plantilla Evidencias prestaci\u00f3n del servicio<\/a><a href=\"https:\/\/expedientes.guiaagentedigitalizador.com\/wp-content\/uploads\/2024\/07\/PKD_PRC_Sitio_Web1.02.docx\" class=\"wp-block-file__button wp-element-button\" download aria-describedby=\"wp-block-file--media-34fb77f8-8d10-4984-8cb5-2a632fab9031\">Descarga<\/a><\/div>\n<\/div>\n<\/div><\/div>\n\n\n\n<div data-title=\"Instrucciones\" class=\"wp-block-themeisle-blocks-tabs-item\"><div class=\"wp-block-themeisle-blocks-tabs-item__header\" tabindex=\"0\">Instrucciones<\/div><div class=\"wp-block-themeisle-blocks-tabs-item__content\">\n<p><\/p>\n\n\n\n<ul class=\"wp-block-list\">\n<li>Descargar siempre la plantilla actualizada disponible en red.es y rellenar siguiendo las indicaciones de la plantilla disponible y el ejemplo final. Esta es la <a href=\"https:\/\/portal.gestion.sedepkd.red.gob.es\/portal\/common\/help\/justificaciones\/PKD_P1C_Sitio_Web.docx\" data-type=\"link\" data-id=\"https:\/\/portal.gestion.sedepkd.red.gob.es\/portal\/common\/help\/justificaciones\/PKD_P1C_Sitio_Web.docx\">plantilla para primera convocatoria<\/a> y <a href=\"https:\/\/portal.gestion.sedepkd.red.gob.es\/portal\/common\/help\/justificaciones\/PKD_PRC_Sitio_Web.docx\" data-type=\"link\" data-id=\"https:\/\/portal.gestion.sedepkd.red.gob.es\/portal\/common\/help\/justificaciones\/PKD_PRC_Sitio_Web.docx\">esta para el resto<\/a>.<\/li>\n\n\n\n<li>La plantilla es realmente un ejemplo de sitio web preparado para justificaci\u00f3n, hay que atender a las indicaciones realizadas en la misma en color azul, e intentar <strong>realizar vuestra justificaci\u00f3n lo m\u00e1s parecida posible para evitar subsanaciones<\/strong>.<\/li>\n\n\n\n<li>Con las notas del ejemplo y el art\u00edculo de blog con el paso a paso indicado en la secci\u00f3n \u00abMaterial de apoyo\u00bb est\u00e1is m\u00e1s que capacitados para hacer esta justificaci\u00f3n<\/li>\n<\/ul>\n<\/div><\/div>\n\n\n\n<div data-title=\"Material de apoyo\" class=\"wp-block-themeisle-blocks-tabs-item\"><div class=\"wp-block-themeisle-blocks-tabs-item__header\" tabindex=\"0\">Material de apoyo<\/div><div class=\"wp-block-themeisle-blocks-tabs-item__content\">\n<p><a href=\"https:\/\/antoniofernandez.com\/justificar-web-kit-digital\/\" data-type=\"link\" data-id=\"https:\/\/antoniofernandez.com\/justificar-web-kit-digital\/\">Articulo para ayudaros a realizar la justificaci\u00f3n de presencia web<\/a><\/p>\n<\/div><\/div>\n\n\n\n<div data-title=\"Historial de versiones\" class=\"wp-block-themeisle-blocks-tabs-item\"><div class=\"wp-block-themeisle-blocks-tabs-item__header\" tabindex=\"0\">Historial de versiones<\/div><div class=\"wp-block-themeisle-blocks-tabs-item__content\">\n<figure class=\"wp-block-table is-style-stripes\"><table><thead><tr><th>Versi\u00f3n<\/th><th>Fecha<\/th><th>Cambios<\/th><\/tr><\/thead><tbody><tr><td>1.0<\/td><td>27\/06\/2024<\/td><td>Versi\u00f3n inicial \u00a1\u00a1YUPIIIi!!<\/td><\/tr><tr><td>1.0.1<\/td><td>23\/07\/2024<\/td><td>Se a\u00f1aden perfiles en redes de empresa<\/td><\/tr><tr><td>1..0.2<\/td><td>24\/07\/2024<\/td><td>Se a\u00f1aden notas aclarativas<\/td><\/tr><\/tbody><\/table><\/figure>\n<\/div><\/div>\n<\/div><\/div>\n\n\n\n<div style=\"height:65px\" aria-hidden=\"true\" class=\"wp-block-spacer\"><\/div>\n\n\n\n<h3 class=\"wp-block-heading has-neve-link-color-color has-text-color has-link-color wp-elements-33f71bd8eed42fdd34ebecb4bb623142\">Excel de accesibilidad<\/h3>\n\n\n\n<p>Plantilla descargable ya rellenada para reutilizar.<\/p>\n\n\n\n<div id=\"wp-block-themeisle-blocks-tabs-fd6ee49a\" class=\"wp-block-themeisle-blocks-tabs\"><div class=\"wp-block-themeisle-blocks-tabs__content\">\n<div data-title=\"Plantilla descargable\" class=\"wp-block-themeisle-blocks-tabs-item\"><div class=\"wp-block-themeisle-blocks-tabs-item__header\" tabindex=\"0\">Plantilla descargable<\/div><div class=\"wp-block-themeisle-blocks-tabs-item__content\">\n<div class=\"wp-block-woocommerce-memberships-member-content\">\n<div class=\"wp-block-file\"><a id=\"wp-block-file--media-678e0a13-f54c-4b0e-9264-d590c88a2092\" href=\"https:\/\/expedientes.guiaagentedigitalizador.com\/wp-content\/uploads\/2024\/07\/Informe_Revision_Accesibilidad_Sitios_web_plantilla_puntuacion_basica.xlsx\">Informe_Revision_Accesibilidad_Sitios_web_plantilla_puntuacion_basica<\/a><a href=\"https:\/\/expedientes.guiaagentedigitalizador.com\/wp-content\/uploads\/2024\/07\/Informe_Revision_Accesibilidad_Sitios_web_plantilla_puntuacion_basica.xlsx\" class=\"wp-block-file__button wp-element-button\" download aria-describedby=\"wp-block-file--media-678e0a13-f54c-4b0e-9264-d590c88a2092\">Descarga<\/a><\/div>\n<\/div>\n<\/div><\/div>\n\n\n\n<div data-title=\"Instrucciones\" class=\"wp-block-themeisle-blocks-tabs-item\"><div class=\"wp-block-themeisle-blocks-tabs-item__header\" tabindex=\"0\">Instrucciones<\/div><div class=\"wp-block-themeisle-blocks-tabs-item__content\">\n<ul class=\"wp-block-list\">\n<li>Rellenar la pesta\u00f1a definici\u00f3n de \u00e1mbito con las indicaciones adjuntas, sustituir todas las variables encontradas entre corchetes [].<\/li>\n\n\n\n<li>Rellenar la pesta\u00f1a tecnolog\u00edas: Si se utiliza un tema preparado para accesiblidad, indicarlo<\/li>\n\n\n\n<li>Rellenar la pesta\u00f1a muestra: Sustituir [URL BENEFICIARIO] por la url de la web objetivo, el resto de excel se rellenar\u00e1 autom\u00e1ticamente<\/li>\n\n\n\n<li>Para la segunda justificaci\u00f3n, si no se han hecho cambios en la web, subir el fichero a\u00f1adido en la primera justificaci\u00f3n actualizando la fecha.<\/li>\n<\/ul>\n\n\n\n<p><strong>NOTA<\/strong>: La puntuaci\u00f3n final correspondiente a una nota apta, corrigiendo los errores de accesibilidad b\u00e1sicos, que se puede obtener tranquilamente si se siguen unas pautas de programaci\u00f3n b\u00e1sicas.<br><br><strong>MATERIAL DE APOYO<\/strong><\/p>\n\n\n\n<p>Ten\u00e9is este art\u00edculo sobre <a href=\"https:\/\/antoniofernandez.com\/pasar-accesibilidad-web-kit-digital\/\" data-type=\"link\" data-id=\"https:\/\/antoniofernandez.com\/pasar-accesibilidad-web-kit-digital\/\">accesibilidad en el kit digital<\/a> para ayudaros a comprender para punto<\/p>\n<\/div><\/div>\n\n\n\n<div data-title=\"Material de apoyo\" class=\"wp-block-themeisle-blocks-tabs-item\"><div class=\"wp-block-themeisle-blocks-tabs-item__header\" tabindex=\"0\">Material de apoyo<\/div><div class=\"wp-block-themeisle-blocks-tabs-item__content\">\n<ul class=\"wp-block-list\">\n<li>Art\u00edculo sobre <a href=\"https:\/\/antoniofernandez.com\/pasar-accesibilidad-web-kit-digital\/\" data-type=\"link\" data-id=\"https:\/\/antoniofernandez.com\/pasar-accesibilidad-web-kit-digital\/\">accesibilidad en el kit digital<\/a> para ayudaros a comprender cada punto<\/li>\n\n\n\n<li>Plugin de chrome axe devtools para comprobar accesibilidad <a href=\"https:\/\/chromewebstore.google.com\/detail\/axe-devtools-web-accessib\/lhdoppojpmngadmnindnejefpokejbdd\">https:\/\/chromewebstore.google.com\/detail\/axe-devtools-web-accessib\/lhdoppojpmngadmnindnejefpokejbdd<\/a><\/li>\n\n\n\n<li>Plugin de chrome wave para comprobar accesibilidad <a href=\"https:\/\/chromewebstore.google.com\/detail\/wave-evaluation-tool\/jbbplnpkjmmeebjpijfedlgcdilocofh\">https:\/\/chromewebstore.google.com\/detail\/wave-evaluation-tool\/jbbplnpkjmmeebjpijfedlgcdilocofh<\/a><\/li>\n<\/ul>\n<\/div><\/div>\n\n\n\n<div data-title=\"Historial de versiones\" class=\"wp-block-themeisle-blocks-tabs-item\"><div class=\"wp-block-themeisle-blocks-tabs-item__header\" tabindex=\"0\">Historial de versiones<\/div><div class=\"wp-block-themeisle-blocks-tabs-item__content\">\n<figure class=\"wp-block-table is-style-stripes\"><table><thead><tr><th>Versi\u00f3n<\/th><th>Fecha<\/th><th>Cambios<\/th><\/tr><\/thead><tbody><tr><td>1.0<\/td><td>23\/07\/2024<\/td><td>Versi\u00f3n inicial \u00a1\u00a1YUPIIIi!!<\/td><\/tr><tr><td><\/td><td><\/td><td><\/td><\/tr><\/tbody><\/table><\/figure>\n<\/div><\/div>\n<\/div><\/div>\n\n\n\n<div style=\"height:100px\" aria-hidden=\"true\" class=\"wp-block-spacer\"><\/div>\n\n\n\n<h2 class=\"wp-block-heading has-neve-link-color-color has-text-color has-link-color wp-elements-d82d457e5db22d9563d584096e273649\">Segunda justificaci\u00f3n Sitio web y Presencia b\u00e1sica en internet<\/h2>\n\n\n\n<div style=\"height:65px\" aria-hidden=\"true\" class=\"wp-block-spacer\"><\/div>\n\n\n\n<h3 class=\"wp-block-heading has-neve-link-color-color has-text-color has-link-color wp-elements-f68b2b3724755f079acfd8accebbccf4\">Capturas de pantalla que acrediten el cumplimiento en materia de publicidad<\/h3>\n\n\n\n<p>Plantilla reutilizable que contiene la forma de poder justificar el mantenimiento de la publicidad.<\/p>\n\n\n\n<div id=\"wp-block-themeisle-blocks-tabs-90fccd43\" class=\"wp-block-themeisle-blocks-tabs\"><div class=\"wp-block-themeisle-blocks-tabs__content\">\n<div data-title=\"Plantilla descargable\" class=\"wp-block-themeisle-blocks-tabs-item\"><div class=\"wp-block-themeisle-blocks-tabs-item__header\" tabindex=\"0\">Plantilla descargable<\/div><div class=\"wp-block-themeisle-blocks-tabs-item__content\">\n<div class=\"wp-block-file\"><a id=\"wp-block-file--media-db5e2daa-554e-41b9-ad88-db803f8de141\" href=\"https:\/\/expedientes.guiaagentedigitalizador.com\/wp-content\/uploads\/2024\/06\/publicidad.docx\">Plantilla mantenimiento de publicidad durante 12 meses<\/a><a href=\"https:\/\/expedientes.guiaagentedigitalizador.com\/wp-content\/uploads\/2024\/06\/publicidad.docx\" class=\"wp-block-file__button wp-element-button\" download aria-describedby=\"wp-block-file--media-db5e2daa-554e-41b9-ad88-db803f8de141\">Descarga<\/a><\/div>\n<\/div><\/div>\n\n\n\n<div data-title=\"Instrucciones\" class=\"wp-block-themeisle-blocks-tabs-item\"><div class=\"wp-block-themeisle-blocks-tabs-item__header\" tabindex=\"0\">Instrucciones<\/div><div class=\"wp-block-themeisle-blocks-tabs-item__content\">\n<ul class=\"wp-block-list\">\n<li>Sustituir las variables del documento (indicadas entre corchetes []).<\/li>\n\n\n\n<li>Realizar una captura del sitio web en la que se aprecie, la url del beneficiario, el logo de la publicidad y el reloj de windows con la fecha actual (posterior a la fecha de finalizaci\u00f3n del periodo de prestaci\u00f3n)<\/li>\n<\/ul>\n<\/div><\/div>\n\n\n\n<div data-title=\"Ejemplo final\" class=\"wp-block-themeisle-blocks-tabs-item\"><div class=\"wp-block-themeisle-blocks-tabs-item__header\" tabindex=\"0\">Ejemplo final<\/div><div class=\"wp-block-themeisle-blocks-tabs-item__content\">\n<div data-wp-interactive=\"core\/file\" class=\"wp-block-file\"><object data-wp-bind--hidden=\"!state.hasPdfPreview\" hidden class=\"wp-block-file__embed\" data=\"https:\/\/expedientes.guiaagentedigitalizador.com\/wp-content\/uploads\/2024\/06\/ejemplo-mantenimiento-publicidad.pdf\" type=\"application\/pdf\" style=\"width:100%;height:600px\" aria-label=\"Incrustado de ejemplo-mantenimiento-publicidad.\"><\/object><a id=\"wp-block-file--media-676c1316-7025-45b4-b6c8-d29571cebcee\" href=\"https:\/\/expedientes.guiaagentedigitalizador.com\/wp-content\/uploads\/2024\/06\/ejemplo-mantenimiento-publicidad.pdf\">ejemplo-mantenimiento-publicidad<\/a><a href=\"https:\/\/expedientes.guiaagentedigitalizador.com\/wp-content\/uploads\/2024\/06\/ejemplo-mantenimiento-publicidad.pdf\" class=\"wp-block-file__button wp-element-button\" download aria-describedby=\"wp-block-file--media-676c1316-7025-45b4-b6c8-d29571cebcee\">Descarga<\/a><\/div>\n<\/div><\/div>\n\n\n\n<div data-title=\"Historial de versiones\" class=\"wp-block-themeisle-blocks-tabs-item\"><div class=\"wp-block-themeisle-blocks-tabs-item__header\" tabindex=\"0\">Historial de versiones<\/div><div class=\"wp-block-themeisle-blocks-tabs-item__content\">\n<p><\/p>\n<\/div><\/div>\n<\/div><\/div>\n\n\n\n<div style=\"height:65px\" aria-hidden=\"true\" class=\"wp-block-spacer\"><\/div>\n\n\n\n<h3 class=\"wp-block-heading has-text-align-left has-neve-link-color-color has-text-color has-link-color wp-elements-f715069ab13b34dd670186cbe7195de3\">Informe de resultados del servicio de mejora de posicionamiento SEO<\/h3>\n\n\n\n<p class=\"has-text-align-left\">Plantilla reutilizable que contiene el informe de seguimiento seo, necesario para la segunda justificaci\u00f3n.<\/p>\n\n\n\n<div id=\"wp-block-themeisle-blocks-tabs-f38c547e\" class=\"wp-block-themeisle-blocks-tabs\"><div class=\"wp-block-themeisle-blocks-tabs__content\">\n<div data-title=\"Plantilla descargable\" class=\"wp-block-themeisle-blocks-tabs-item\"><div class=\"wp-block-themeisle-blocks-tabs-item__header\" tabindex=\"0\">Plantilla descargable<\/div><div class=\"wp-block-themeisle-blocks-tabs-item__content\">\n<p><a href=\"https:\/\/expedientes.guiaagentedigitalizador.com\/mi-cuenta\/downloads\/\" data-type=\"link\" data-id=\"https:\/\/expedientes.guiaagentedigitalizador.com\/mi-cuenta\/downloads\/\" target=\"_blank\" rel=\"noreferrer noopener\">Ir a descargas<\/a><\/p>\n<\/div><\/div>\n\n\n\n<div data-title=\"Instrucciones\" class=\"wp-block-themeisle-blocks-tabs-item\"><div class=\"wp-block-themeisle-blocks-tabs-item__header\" tabindex=\"0\">Instrucciones<\/div><div class=\"wp-block-themeisle-blocks-tabs-item__content\">\n<p><strong>PRERREQUISITOS<\/strong><\/p>\n\n\n\n<ol class=\"wp-block-list\">\n<li>Se requiere tener instalado search console en la web. Si us\u00e1is wordpress el <a href=\"https:\/\/es.wordpress.org\/plugins\/google-site-kit\/\" data-type=\"link\" data-id=\"https:\/\/es.wordpress.org\/plugins\/google-site-kit\/\">plugin site kit de Google<\/a> es una buen\u00edsima opci\u00f3n<\/li>\n<\/ol>\n\n\n\n<p>Se tratar\u00eda simplemente de <strong>sustituir las variables que hay en el documento y a\u00f1adir las im\u00e1genes<\/strong> del looker studio , search console y sitemap. Si ten\u00e9is alguna duda, en la <strong>pesta\u00f1a ejemplo final, ten\u00e9is una versi\u00f3n rellenada<\/strong> y <strong>en la pesta\u00f1a Video, las instrucciones para crear el informe de looker<\/strong> \u00a1no tiene perdida!<\/p>\n\n\n\n<p><strong>VARIABLES<\/strong><\/p>\n\n\n\n<p>Sustituir todas las variables, (<strong>aquellas que se encuentran entre corchetes []<\/strong>) por su valor real.<\/p>\n\n\n\n<p class=\"has-nv-dark-bg-color has-text-color has-link-color wp-elements-d1d5d6f4b7ae7d9e5617c8e51013f34c\">[URL BENEFICIARIO] : web objetivo<\/p>\n\n\n\n<p>[PERIODO ANALIZADO]: Periodo del a\u00f1o de prestaci\u00f3n del servicio<\/p>\n\n\n\n<p>[NIF BENEFICIARIO]: nif del beneficiario<\/p>\n\n\n\n<p>[BENEFICIARIO]: Raz\u00f3n social del beneficiario<\/p>\n\n\n\n<p>[FECHA DOCUMENTO] : Fecha de redacci\u00f3n de la justificaci\u00f3n (siempre posterior al fin de la prestaci\u00f3n del servicio)<\/p>\n\n\n\n<p>[insertar PALABRA CLAVE] : Sustituir por las palabras clave encontradas en vuestro keyword research e intentad que alguna aparezca luego en el informe de looker para poder justificar que se ha posicionado la web por esas palabras clave. Esta parte no es obligatoria, pero a\u00f1ade m\u00e1s credibilidad a vuestra justificaci\u00f3n<\/p>\n\n\n\n<p>[IMAGEN LOOKER STUDIO]: Imagen con el informe de looker studio correspondiente a la url del beneficiario y con las fechas indicadas en el periodo de prestaci\u00f3n. Para crear este informe, <strong>en la pesta\u00f1a video, ten\u00e9is un peque\u00f1o tutorial<\/strong><\/p>\n\n\n\n<p>[IMAGEN SEARCH CONSOLE PESTA\u00d1A CONSULTAS]: Captura de la search console en la pesta\u00f1a consultas (palabras clave), d\u00f3nde se ven las consultas que generaron visitas y comprendiendo el periodo de prestaci\u00f3n. Pod\u00e9is <strong>consultar c\u00f3mo es esta imagen en la pesta\u00f1a Ejemplo<\/strong><\/p>\n\n\n\n<p>[IMAGEN SEARCH CONSOLE PESTA\u00d1A P\u00c1GINAS]: Captura de la search console en la pesta\u00f1a p\u00e1ginas (indexaci\u00f3n y jerarquizaci\u00f3n de contenido), d\u00f3nde se ven las urls visitadas y comprendiendo el periodo de prestaci\u00f3n. Pod\u00e9is <strong>consultar c\u00f3mo es esta imagen en la pesta\u00f1a Ejemplo<\/strong><\/p>\n\n\n\n<p>[IMAGEN SITEMAP]: Captura del sitemap del sitio web (que se vea la url)<\/p>\n\n\n\n<p>Para realizar el informe de looker studio, en la pesta\u00f1a Video, ten\u00e9is un video explicativo. Con las variables sustituidas y las im\u00e1genes agregadas, tendr\u00e9is el informe realizado.<\/p>\n\n\n\n<p><strong>MATERIAL DE APOYO<br><\/strong><a href=\"https:\/\/antoniofernandez.com\/aprobar-segunda-justificacion-web-kit-digital\/\" data-type=\"link\" data-id=\"https:\/\/antoniofernandez.com\/aprobar-segunda-justificacion-web-kit-digital\/\">Usad este art\u00edculo del blog sobre justificar web del kit digital como material de apoyo<\/a><\/p>\n<\/div><\/div>\n\n\n\n<div data-title=\"Video\" class=\"wp-block-themeisle-blocks-tabs-item\"><div class=\"wp-block-themeisle-blocks-tabs-item__header\" tabindex=\"0\">Video<\/div><div class=\"wp-block-themeisle-blocks-tabs-item__content\">\n<figure class=\"wp-block-video\"><video height=\"1278\" style=\"aspect-ratio: 2272 \/ 1278;\" width=\"2272\" controls src=\"https:\/\/expedientes.guiaagentedigitalizador.com\/wp-content\/uploads\/2024\/07\/looker-studio.webm\"><\/video><figcaption class=\"wp-element-caption\">video creaci\u00f3n informe de looker kit digital<\/figcaption><\/figure>\n<\/div><\/div>\n\n\n\n<div data-title=\"Ejemplo final\" class=\"wp-block-themeisle-blocks-tabs-item\"><div class=\"wp-block-themeisle-blocks-tabs-item__header\" tabindex=\"0\">Ejemplo final<\/div><div class=\"wp-block-themeisle-blocks-tabs-item__content\">\n<div data-wp-interactive=\"core\/file\" class=\"wp-block-file\"><object data-wp-bind--hidden=\"!state.hasPdfPreview\" hidden class=\"wp-block-file__embed\" data=\"https:\/\/expedientes.guiaagentedigitalizador.com\/wp-content\/uploads\/2024\/07\/inform-resultados-seo-WEB-ejemplo.pdf\" type=\"application\/pdf\" style=\"width:100%;height:600px\" aria-label=\"Incrustado de inform-resultados-seo-WEB-ejemplo.\"><\/object><a id=\"wp-block-file--media-1db7dfec-2dc9-4efe-a567-30b2eaf2726f\" href=\"https:\/\/expedientes.guiaagentedigitalizador.com\/wp-content\/uploads\/2024\/07\/inform-resultados-seo-WEB-ejemplo.pdf\">inform-resultados-seo-WEB-ejemplo<\/a><a href=\"https:\/\/expedientes.guiaagentedigitalizador.com\/wp-content\/uploads\/2024\/07\/inform-resultados-seo-WEB-ejemplo.pdf\" class=\"wp-block-file__button wp-element-button\" download aria-describedby=\"wp-block-file--media-1db7dfec-2dc9-4efe-a567-30b2eaf2726f\">Descarga<\/a><\/div>\n<\/div><\/div>\n\n\n\n<div data-title=\"Material de apoyo\" class=\"wp-block-themeisle-blocks-tabs-item\"><div class=\"wp-block-themeisle-blocks-tabs-item__header\" tabindex=\"0\">Material de apoyo<\/div><div class=\"wp-block-themeisle-blocks-tabs-item__content\">\n<ul class=\"wp-block-list\">\n<li><a href=\"https:\/\/antoniofernandez.com\/aprobar-segunda-justificacion-web-kit-digital\/\" data-type=\"link\" data-id=\"https:\/\/antoniofernandez.com\/aprobar-segunda-justificacion-web-kit-digital\/\">Usad este art\u00edculo del blog sobre justificar web del kit digital como material de apoyo<\/a><\/li>\n\n\n\n<li><a href=\"https:\/\/es.wordpress.org\/plugins\/google-site-kit\/\" data-type=\"link\" data-id=\"https:\/\/es.wordpress.org\/plugins\/google-site-kit\/\">Plugin site kit de Google (para poder tener estad\u00edsticas web)<\/a><\/li>\n<\/ul>\n<\/div><\/div>\n\n\n\n<div data-title=\"Historial de versiones\" class=\"wp-block-themeisle-blocks-tabs-item\"><div class=\"wp-block-themeisle-blocks-tabs-item__header\" tabindex=\"0\">Historial de versiones<\/div><div class=\"wp-block-themeisle-blocks-tabs-item__content\">\n<p><\/p>\n\n\n\n<figure class=\"wp-block-table is-style-stripes\"><table><thead><tr><th>Versi\u00f3n<\/th><th>Fecha<\/th><th>Cambios<\/th><\/tr><\/thead><tbody><tr><td>1.0<\/td><td>20\/12\/2023<\/td><td>versi\u00f3n inicial \u00a1YUPIIIi!<\/td><\/tr><tr><td>1.0.1<\/td><td>25\/06\/2024<\/td><td>Mejoras en los textos de optimizaci\u00f3n SEO<\/td><\/tr><tr><td>1.1<\/td><td>26\/07\/2024<\/td><td>Se mejora la redacci\u00f3n, las secciones de search console y varios textos.<\/td><\/tr><tr><td><mark style=\"background-color:rgba(0, 0, 0, 0)\" class=\"has-inline-color has-neve-link-hover-color-color\"> <\/mark>1.2<\/td><td>02\/08\/2024<\/td><td>Se a\u00f1ade mucho m\u00e1s contenido sobre las acciones SEO realizadas y se crea una secci\u00f3n <br>espec\u00edfica para los trabajos SEO realizados. Con esto cubrimos las \u00faltimas subsanaciones que ped\u00edan<br>mejorar esta secci\u00f3n<\/td><\/tr><tr><td><mark style=\"background-color:rgba(0, 0, 0, 0)\" class=\"has-inline-color has-neve-link-hover-color-color\">\u00a1Nuevo!<\/mark> 1.3<\/td><td>21\/10\/2024<\/td><td>Ahora se quejan que no queda clara la indexaci\u00f3n y jerarquizaci\u00f3n, as\u00ed que a\u00f1ado m\u00e1s literatura&#8230; en fin!<\/td><\/tr><tr><td><mark style=\"background-color:rgba(0, 0, 0, 0)\" class=\"has-inline-color has-neve-link-hover-color-color\">\u00a1Nuevo!<\/mark> 1.3.1<\/td><td>29\/10\/2024<\/td><td>Ajusto algunos textos para facilitar la lectura a nuestros amiguitos<\/td><\/tr><\/tbody><\/table><\/figure>\n<\/div><\/div>\n<\/div><\/div>\n\n\n\n<div id=\"wp-block-themeisle-blocks-advanced-columns-784450ff\" class=\"wp-block-themeisle-blocks-advanced-columns alignfull has-1-columns has-desktop-equal-layout has-tablet-equal-layout has-mobile-collapsedRows-layout has-vertical-center ticss-c00aadba\"><div class=\"wp-block-themeisle-blocks-advanced-columns-overlay\"><\/div><div class=\"innerblocks-wrap\">\n<div id=\"wp-block-themeisle-blocks-advanced-column-d0fbfc0a\" class=\"wp-block-themeisle-blocks-advanced-column\"><\/div>\n<\/div><\/div>\n","protected":false},"excerpt":{"rendered":"<p>Primera justificaci\u00f3n Sitio web y Presencia b\u00e1sica en internet Evidencias de la prestaci\u00f3n del servicio Ejemplo descargable con anotaciones para hacerte la vida m\u00e1s sencilla. Excel de accesibilidad Plantilla descargable ya rellenada para reutilizar. Segunda justificaci\u00f3n Sitio web y Presencia b\u00e1sica en internet Capturas de pantalla que acrediten el cumplimiento en materia de publicidad Plantilla&hellip;&nbsp;<a href=\"https:\/\/expedientes.guiaagentedigitalizador.com\/?page_id=540\" rel=\"bookmark\">Continue<span class=\"screen-reader-text\">Plantilla justificaci\u00f3n sitio web del kit digital<\/span><\/a><\/p>\n","protected":false},"author":1,"featured_media":0,"parent":0,"menu_order":0,"comment_status":"closed","ping_status":"closed","template":"","meta":{"_acf_changed":false,"neve_meta_sidebar":"","neve_meta_container":"","neve_meta_enable_content_width":"","neve_meta_content_width":0,"neve_meta_title_alignment":"","neve_meta_author_avatar":"","neve_post_elements_order":"","neve_meta_disable_header":"","neve_meta_disable_footer":"","neve_meta_disable_title":"on","neve_meta_reading_time":"","_themeisle_gutenberg_block_has_review":false,"footnotes":""},"class_list":["post-540","page","type-page","status-publish","hentry"],"acf":[],"_links":{"self":[{"href":"https:\/\/expedientes.guiaagentedigitalizador.com\/index.php?rest_route=\/wp\/v2\/pages\/540","targetHints":{"allow":["GET"]}}],"collection":[{"href":"https:\/\/expedientes.guiaagentedigitalizador.com\/index.php?rest_route=\/wp\/v2\/pages"}],"about":[{"href":"https:\/\/expedientes.guiaagentedigitalizador.com\/index.php?rest_route=\/wp\/v2\/types\/page"}],"author":[{"embeddable":true,"href":"https:\/\/expedientes.guiaagentedigitalizador.com\/index.php?rest_route=\/wp\/v2\/users\/1"}],"replies":[{"embeddable":true,"href":"https:\/\/expedientes.guiaagentedigitalizador.com\/index.php?rest_route=%2Fwp%2Fv2%2Fcomments&post=540"}],"version-history":[{"count":61,"href":"https:\/\/expedientes.guiaagentedigitalizador.com\/index.php?rest_route=\/wp\/v2\/pages\/540\/revisions"}],"predecessor-version":[{"id":1530,"href":"https:\/\/expedientes.guiaagentedigitalizador.com\/index.php?rest_route=\/wp\/v2\/pages\/540\/revisions\/1530"}],"wp:attachment":[{"href":"https:\/\/expedientes.guiaagentedigitalizador.com\/index.php?rest_route=%2Fwp%2Fv2%2Fmedia&parent=540"}],"curies":[{"name":"wp","href":"https:\/\/api.w.org\/{rel}","templated":true}]}}